{"id":10385,"date":"2017-12-07T16:21:43","date_gmt":"2017-12-07T16:21:43","guid":{"rendered":"https:\/\/uus.kokariided.ee\/?product=meeste-pueksid-elia"},"modified":"2022-08-30T10:48:55","modified_gmt":"2022-08-30T10:48:55","slug":"meeste-pueksid-elia","status":"publish","type":"product","link":"https:\/\/uus.kokariided.ee\/en\/product\/meeste-pueksid-elia\/","title":{"rendered":"Meeste p\u00fcksid ELIA"},"content":{"rendered":"<pre class=\"tw-data-text tw-ta tw-text-small\" id=\"tw-target-text\" dir=\"ltr\">Tencel kangas, peen ja lihtne hooldada<br \/><br \/>2 taskut<br \/><br \/>1 k\u00fcljetasku<br \/><br \/>Elastne v\u00e4rvel<br \/><br \/>kitsas l\u00f5ige<br \/><br \/>t\u00f5mblukk<\/pre>","protected":false},"excerpt":{"rendered":"<p>Meeste p\u00fcksid, sobivad iluteeninduse- ja meditsiinit\u00f6\u00f6tajatele.<br \/>\n50% lyocell 50% pol\u00fcester<br \/>\n190 gr\/m2<br \/>\nSlim Fit<\/p>","protected":false},"featured_media":10386,"comment_status":"open","ping_status":"closed","template":"","meta":[],"product_cat":[794,145],"product_tag":[],"class_list":{"0":"post-10385","1":"product","2":"type-product","3":"status-publish","4":"has-post-thumbnail","6":"product_brand-greiff","7":"product_cat-pueksid1756115223","8":"product_cat-teenindusriided","10":"first","11":"instock","12":"shipping-taxable","13":"purchasable","14":"product-type-variable"},"_links":{"self":[{"href":"https:\/\/uus.kokariided.ee\/en\/wp-json\/wp\/v2\/product\/10385","targetHints":{"allow":["GET"]}}],"collection":[{"href":"https:\/\/uus.kokariided.ee\/en\/wp-json\/wp\/v2\/product"}],"about":[{"href":"https:\/\/uus.kokariided.ee\/en\/wp-json\/wp\/v2\/types\/product"}],"replies":[{"embeddable":true,"href":"https:\/\/uus.kokariided.ee\/en\/wp-json\/wp\/v2\/comments?post=10385"}],"wp:featuredmedia":[{"embeddable":true,"href":"https:\/\/uus.kokariided.ee\/en\/wp-json\/wp\/v2\/media\/10386"}],"wp:attachment":[{"href":"https:\/\/uus.kokariided.ee\/en\/wp-json\/wp\/v2\/media?parent=10385"}],"wp:term":[{"taxonomy":"product_cat","embeddable":true,"href":"https:\/\/uus.kokariided.ee\/en\/wp-json\/wp\/v2\/product_cat?post=10385"},{"taxonomy":"product_tag","embeddable":true,"href":"https:\/\/uus.kokariided.ee\/en\/wp-json\/wp\/v2\/product_tag?post=10385"}],"curies":[{"name":"wp","href":"https:\/\/api.w.org\/{rel}","templated":true}]}}