{"id":10421,"date":"2017-12-07T16:48:16","date_gmt":"2017-12-07T16:48:16","guid":{"rendered":"https:\/\/uus.kokariided.ee\/?product=naiste-pueksid-giulia"},"modified":"2020-10-14T10:24:47","modified_gmt":"2020-10-14T10:24:47","slug":"naiste-pueksid-giulia","status":"publish","type":"product","link":"https:\/\/uus.kokariided.ee\/en\/product\/naiste-pueksid-giulia\/","title":{"rendered":"Naiste p\u00fcksid GIULIA"},"content":{"rendered":"<pre class=\"tw-data-text tw-ta tw-text-small\" id=\"tw-target-text\" dir=\"ltr\">Tencel kangas, peen ja lihtne hooldada<br \/><br \/>2 taskut<br \/><br \/>Elastne v\u00e4rvel<br \/><br \/>kitsas l\u00f5ige<br \/><br \/>t\u00f5mblukk<\/pre>","protected":false},"excerpt":{"rendered":"<p>Naiste p\u00fcksid, sobivad iluteeninduse- ja meditsiinit\u00f6\u00f6tajatele.<br \/>\n50% lyocell 50% pol\u00fcester<br \/>\n190 gr\/m2<br \/>\nSlim Fit<\/p>","protected":false},"featured_media":10422,"comment_status":"open","ping_status":"closed","template":"","meta":[],"product_cat":[794,145],"product_tag":[],"class_list":{"0":"post-10421","1":"product","2":"type-product","3":"status-publish","4":"has-post-thumbnail","6":"product_brand-greiff","7":"product_cat-pueksid1756115223","8":"product_cat-teenindusriided","10":"first","11":"instock","12":"shipping-taxable","13":"purchasable","14":"product-type-variable"},"_links":{"self":[{"href":"https:\/\/uus.kokariided.ee\/en\/wp-json\/wp\/v2\/product\/10421","targetHints":{"allow":["GET"]}}],"collection":[{"href":"https:\/\/uus.kokariided.ee\/en\/wp-json\/wp\/v2\/product"}],"about":[{"href":"https:\/\/uus.kokariided.ee\/en\/wp-json\/wp\/v2\/types\/product"}],"replies":[{"embeddable":true,"href":"https:\/\/uus.kokariided.ee\/en\/wp-json\/wp\/v2\/comments?post=10421"}],"wp:featuredmedia":[{"embeddable":true,"href":"https:\/\/uus.kokariided.ee\/en\/wp-json\/wp\/v2\/media\/10422"}],"wp:attachment":[{"href":"https:\/\/uus.kokariided.ee\/en\/wp-json\/wp\/v2\/media?parent=10421"}],"wp:term":[{"taxonomy":"product_cat","embeddable":true,"href":"https:\/\/uus.kokariided.ee\/en\/wp-json\/wp\/v2\/product_cat?post=10421"},{"taxonomy":"product_tag","embeddable":true,"href":"https:\/\/uus.kokariided.ee\/en\/wp-json\/wp\/v2\/product_tag?post=10421"}],"curies":[{"name":"wp","href":"https:\/\/api.w.org\/{rel}","templated":true}]}}