{"id":10576,"date":"2017-12-08T11:09:49","date_gmt":"2017-12-08T11:09:49","guid":{"rendered":"https:\/\/uus.kokariided.ee\/?product=naiste-tuunika-pines"},"modified":"2024-01-09T14:57:56","modified_gmt":"2024-01-09T14:57:56","slug":"naiste-tuunika-pines","status":"publish","type":"product","link":"https:\/\/uus.kokariided.ee\/en\/product\/naiste-tuunika-pines\/","title":{"rendered":"Naiste tuunika PINES"},"content":{"rendered":"<p class=\"tw-data-text tw-ta tw-text-small\" id=\"tw-target-text\" dir=\"ltr\">Lukuga mudel<\/p>\n<p>2 taskut<\/p>\n<p>Lihtne triikida<\/p>","protected":false},"excerpt":{"rendered":"<p>Naiste tuunika, sobib iluteeninduse- ja meditsiinit\u00f6\u00f6tajatele.Krae \u00e4\u00e4ristatud kirju kandiga,kinnitus lukuga.<br \/>\n95% pol\u00fcester 5% elastaan<br \/>\n200\u00a0gr\/m2<br \/>\nSlim Fit<\/p>","protected":false},"featured_media":10577,"comment_status":"open","ping_status":"closed","template":"","meta":[],"product_cat":[145,738],"product_tag":[],"class_list":{"0":"post-10576","1":"product","2":"type-product","3":"status-publish","4":"has-post-thumbnail","6":"product_brand-giblors","7":"product_cat-teenindusriided","8":"product_cat-tuunikad","10":"first","11":"instock","12":"shipping-taxable","13":"purchasable","14":"product-type-variable"},"_links":{"self":[{"href":"https:\/\/uus.kokariided.ee\/en\/wp-json\/wp\/v2\/product\/10576","targetHints":{"allow":["GET"]}}],"collection":[{"href":"https:\/\/uus.kokariided.ee\/en\/wp-json\/wp\/v2\/product"}],"about":[{"href":"https:\/\/uus.kokariided.ee\/en\/wp-json\/wp\/v2\/types\/product"}],"replies":[{"embeddable":true,"href":"https:\/\/uus.kokariided.ee\/en\/wp-json\/wp\/v2\/comments?post=10576"}],"wp:featuredmedia":[{"embeddable":true,"href":"https:\/\/uus.kokariided.ee\/en\/wp-json\/wp\/v2\/media\/10577"}],"wp:attachment":[{"href":"https:\/\/uus.kokariided.ee\/en\/wp-json\/wp\/v2\/media?parent=10576"}],"wp:term":[{"taxonomy":"product_cat","embeddable":true,"href":"https:\/\/uus.kokariided.ee\/en\/wp-json\/wp\/v2\/product_cat?post=10576"},{"taxonomy":"product_tag","embeddable":true,"href":"https:\/\/uus.kokariided.ee\/en\/wp-json\/wp\/v2\/product_tag?post=10576"}],"curies":[{"name":"wp","href":"https:\/\/api.w.org\/{rel}","templated":true}]}}