{"id":10611,"date":"2017-12-08T11:35:46","date_gmt":"2017-12-08T11:35:46","guid":{"rendered":"https:\/\/uus.kokariided.ee\/?product=naiste-pueksid-layla-mustad"},"modified":"2025-08-13T15:27:08","modified_gmt":"2025-08-13T15:27:08","slug":"naiste-pueksid-layla-mustad","status":"publish","type":"product","link":"https:\/\/uus.kokariided.ee\/en\/product\/naiste-pueksid-layla-mustad\/","title":{"rendered":"Naiste p\u00fcksid LAYLA, mustad"},"content":{"rendered":"<pre class=\"tw-data-text tw-ta tw-text-small\" id=\"tw-target-text\" dir=\"ltr\"><br \/><br \/><br \/><\/pre>","protected":false},"excerpt":{"rendered":"<p>Kitsa l\u00f5ikega naiste p\u00fcksid, millel\u00a0madalam v\u00f6\u00f6koht. P\u00fckstel t\u00f5mblukk ning n\u00f6\u00f6p.\u00a0T\u00e4nu elastaanisisaldusele on kangas mugav kanda. Ees kaks taskut. Tegemist pigem laiema puusal\u00f5ikega p\u00fckstega.<br \/>\nEriti h\u00e4sti sobivad iluteeninduse- ja meditsiinit\u00f6\u00f6tajatele.<br \/>\n95% pol\u00fcester, 5% elastaan, 200 gr\/m2<\/p>","protected":false},"featured_media":10612,"comment_status":"open","ping_status":"closed","template":"","meta":[],"product_cat":[794,145],"product_tag":[],"class_list":{"0":"post-10611","1":"product","2":"type-product","3":"status-publish","4":"has-post-thumbnail","6":"product_brand-greiff","7":"product_cat-pueksid1756115223","8":"product_cat-teenindusriided","10":"first","11":"instock","12":"shipping-taxable","13":"purchasable","14":"product-type-variable"},"_links":{"self":[{"href":"https:\/\/uus.kokariided.ee\/en\/wp-json\/wp\/v2\/product\/10611","targetHints":{"allow":["GET"]}}],"collection":[{"href":"https:\/\/uus.kokariided.ee\/en\/wp-json\/wp\/v2\/product"}],"about":[{"href":"https:\/\/uus.kokariided.ee\/en\/wp-json\/wp\/v2\/types\/product"}],"replies":[{"embeddable":true,"href":"https:\/\/uus.kokariided.ee\/en\/wp-json\/wp\/v2\/comments?post=10611"}],"wp:featuredmedia":[{"embeddable":true,"href":"https:\/\/uus.kokariided.ee\/en\/wp-json\/wp\/v2\/media\/10612"}],"wp:attachment":[{"href":"https:\/\/uus.kokariided.ee\/en\/wp-json\/wp\/v2\/media?parent=10611"}],"wp:term":[{"taxonomy":"product_cat","embeddable":true,"href":"https:\/\/uus.kokariided.ee\/en\/wp-json\/wp\/v2\/product_cat?post=10611"},{"taxonomy":"product_tag","embeddable":true,"href":"https:\/\/uus.kokariided.ee\/en\/wp-json\/wp\/v2\/product_tag?post=10611"}],"curies":[{"name":"wp","href":"https:\/\/api.w.org\/{rel}","templated":true}]}}