{"id":10777,"date":"2017-12-12T11:20:26","date_gmt":"2017-12-12T11:20:26","guid":{"rendered":"https:\/\/uus.kokariided.ee\/?product=klapiga-poll-142-lemon-green"},"modified":"2024-07-16T16:46:48","modified_gmt":"2024-07-16T16:46:48","slug":"klapiga-poll-142-lemon-green","status":"publish","type":"product","link":"https:\/\/uus.kokariided.ee\/en\/product\/klapiga-poll-142-lemon-green\/","title":{"rendered":"Klapiga p\u00f5ll 75x75cm Lemon Green"},"content":{"rendered":"","protected":false},"excerpt":{"rendered":"<p>P\u00f5ll 75x75cm, reguleeritavP\u00f5ll sobilik teenindajale\/kokale, 1 taskugaMaterjalid:65%pol\u00fcester \/ 35 %puuvill<\/p>","protected":false},"featured_media":10778,"comment_status":"open","ping_status":"closed","template":"","meta":[],"product_cat":[104,112],"product_tag":[],"class_list":{"0":"post-10777","1":"product","2":"type-product","3":"status-publish","4":"has-post-thumbnail","6":"product_brand-exner","7":"product_cat-kokariided","8":"product_cat-polled","10":"first","11":"instock","12":"shipping-taxable","13":"purchasable","14":"product-type-simple"},"_links":{"self":[{"href":"https:\/\/uus.kokariided.ee\/en\/wp-json\/wp\/v2\/product\/10777","targetHints":{"allow":["GET"]}}],"collection":[{"href":"https:\/\/uus.kokariided.ee\/en\/wp-json\/wp\/v2\/product"}],"about":[{"href":"https:\/\/uus.kokariided.ee\/en\/wp-json\/wp\/v2\/types\/product"}],"replies":[{"embeddable":true,"href":"https:\/\/uus.kokariided.ee\/en\/wp-json\/wp\/v2\/comments?post=10777"}],"wp:featuredmedia":[{"embeddable":true,"href":"https:\/\/uus.kokariided.ee\/en\/wp-json\/wp\/v2\/media\/10778"}],"wp:attachment":[{"href":"https:\/\/uus.kokariided.ee\/en\/wp-json\/wp\/v2\/media?parent=10777"}],"wp:term":[{"taxonomy":"product_cat","embeddable":true,"href":"https:\/\/uus.kokariided.ee\/en\/wp-json\/wp\/v2\/product_cat?post=10777"},{"taxonomy":"product_tag","embeddable":true,"href":"https:\/\/uus.kokariided.ee\/en\/wp-json\/wp\/v2\/product_tag?post=10777"}],"curies":[{"name":"wp","href":"https:\/\/api.w.org\/{rel}","templated":true}]}}