{"id":10802,"date":"2017-12-12T16:10:11","date_gmt":"2017-12-12T16:10:11","guid":{"rendered":"https:\/\/uus.kokariided.ee\/?product=naiste-pintsak-casual"},"modified":"2023-03-03T16:00:31","modified_gmt":"2023-03-03T16:00:31","slug":"naiste-pintsak-casual","status":"publish","type":"product","link":"https:\/\/uus.kokariided.ee\/en\/product\/naiste-pintsak-casual\/","title":{"rendered":"Naiste pintsak casual"},"content":{"rendered":"<p>2-n\u00f6\u00f6biga mudel<br \/>2 klapptaskut<br \/>1 sisetasku<br \/>seljal\u00f5hik<br \/>Seljapikkus 60cm \/ nr. 38<br \/>Pestav kuni 30 \u00b0<\/p>","protected":false},"excerpt":{"rendered":"<p>Slim fit, mittekortsuv \u00a0ja hingav stret\u0161kangas. Kaks n\u00f6\u00f6pi. Krae ja rev\u00e4\u00e4rid. Klapiga k\u00fcljetaskud, sisetasku. Pooleldi vooderdatud. Vooder 100% pol\u00fcestrist. *Pikkus tagant keskelt\u00a060 cm (suurusel 38).<br \/>\nKoostis: 97\/3% puuvill \/elastaan.<br \/>\nSlimFit<\/p>","protected":false},"featured_media":10803,"comment_status":"open","ping_status":"closed","template":"","meta":[],"product_cat":[734,106,145],"product_tag":[],"class_list":{"0":"post-10802","1":"product","2":"type-product","3":"status-publish","4":"has-post-thumbnail","6":"product_brand-greiff","7":"product_cat-pintsakud","8":"product_cat-soodusmueuek","9":"product_cat-teenindusriided","11":"first","12":"instock","13":"shipping-taxable","14":"purchasable","15":"product-type-variable"},"_links":{"self":[{"href":"https:\/\/uus.kokariided.ee\/en\/wp-json\/wp\/v2\/product\/10802","targetHints":{"allow":["GET"]}}],"collection":[{"href":"https:\/\/uus.kokariided.ee\/en\/wp-json\/wp\/v2\/product"}],"about":[{"href":"https:\/\/uus.kokariided.ee\/en\/wp-json\/wp\/v2\/types\/product"}],"replies":[{"embeddable":true,"href":"https:\/\/uus.kokariided.ee\/en\/wp-json\/wp\/v2\/comments?post=10802"}],"wp:featuredmedia":[{"embeddable":true,"href":"https:\/\/uus.kokariided.ee\/en\/wp-json\/wp\/v2\/media\/10803"}],"wp:attachment":[{"href":"https:\/\/uus.kokariided.ee\/en\/wp-json\/wp\/v2\/media?parent=10802"}],"wp:term":[{"taxonomy":"product_cat","embeddable":true,"href":"https:\/\/uus.kokariided.ee\/en\/wp-json\/wp\/v2\/product_cat?post=10802"},{"taxonomy":"product_tag","embeddable":true,"href":"https:\/\/uus.kokariided.ee\/en\/wp-json\/wp\/v2\/product_tag?post=10802"}],"curies":[{"name":"wp","href":"https:\/\/api.w.org\/{rel}","templated":true}]}}