{"id":10839,"date":"2017-12-13T13:02:01","date_gmt":"2017-12-13T13:02:01","guid":{"rendered":"https:\/\/uus.kokariided.ee\/?product=naiste-vest-1755943850"},"modified":"2021-12-30T13:53:26","modified_gmt":"2021-12-30T13:53:26","slug":"naiste-vest-1755943850","status":"publish","type":"product","link":"https:\/\/uus.kokariided.ee\/en\/product\/naiste-vest-1755943850\/","title":{"rendered":"Naiste vest"},"content":{"rendered":"","protected":false},"excerpt":{"rendered":"<p>3\u00a0n\u00f6\u00f6biga mudel2 k\u00fclgtaskut1 rinnataskusisemine voodri tasku<br \/>\nMaterjal: 55% Polyester 45% neitsivill<\/p>","protected":false},"featured_media":10840,"comment_status":"open","ping_status":"closed","template":"","meta":[],"product_cat":[106],"product_tag":[],"class_list":{"0":"post-10839","1":"product","2":"type-product","3":"status-publish","4":"has-post-thumbnail","6":"product_brand-greiff","7":"product_cat-soodusmueuek","9":"first","10":"instock","11":"shipping-taxable","12":"purchasable","13":"product-type-variable"},"_links":{"self":[{"href":"https:\/\/uus.kokariided.ee\/en\/wp-json\/wp\/v2\/product\/10839","targetHints":{"allow":["GET"]}}],"collection":[{"href":"https:\/\/uus.kokariided.ee\/en\/wp-json\/wp\/v2\/product"}],"about":[{"href":"https:\/\/uus.kokariided.ee\/en\/wp-json\/wp\/v2\/types\/product"}],"replies":[{"embeddable":true,"href":"https:\/\/uus.kokariided.ee\/en\/wp-json\/wp\/v2\/comments?post=10839"}],"wp:featuredmedia":[{"embeddable":true,"href":"https:\/\/uus.kokariided.ee\/en\/wp-json\/wp\/v2\/media\/10840"}],"wp:attachment":[{"href":"https:\/\/uus.kokariided.ee\/en\/wp-json\/wp\/v2\/media?parent=10839"}],"wp:term":[{"taxonomy":"product_cat","embeddable":true,"href":"https:\/\/uus.kokariided.ee\/en\/wp-json\/wp\/v2\/product_cat?post=10839"},{"taxonomy":"product_tag","embeddable":true,"href":"https:\/\/uus.kokariided.ee\/en\/wp-json\/wp\/v2\/product_tag?post=10839"}],"curies":[{"name":"wp","href":"https:\/\/api.w.org\/{rel}","templated":true}]}}