{"id":10912,"date":"2017-12-13T15:20:21","date_gmt":"2017-12-13T15:20:21","guid":{"rendered":"https:\/\/uus.kokariided.ee\/?product=meeste-pueksid-tumesinised"},"modified":"2024-11-18T12:52:57","modified_gmt":"2024-11-18T12:52:57","slug":"meeste-pueksid-tumesinised","status":"publish","type":"product","link":"https:\/\/uus.kokariided.ee\/en\/product\/meeste-pueksid-tumesinised\/","title":{"rendered":"Meeste p\u00fcksid, tumesinised"},"content":{"rendered":"","protected":false},"excerpt":{"rendered":"<p>Meeste\u00a0sirgel\u00f5ikelised p\u00fcksid, millel on ees kaks taskut. Tagapool kaks kontrasttoonis tasku \u00e4\u00e4rt.\u00a0Sises\u00e4\u00e4re pikkus 82cm suurusel 50. Pesu kuni 60 kraadi.<br \/>\nMaterjal: 65% pol\u00fcester, 35% puuvill<\/p>","protected":false},"featured_media":10913,"comment_status":"open","ping_status":"closed","template":"","meta":[],"product_cat":[787,113,106],"product_tag":[],"class_list":{"0":"post-10912","1":"product","2":"type-product","3":"status-publish","4":"has-post-thumbnail","6":"product_brand-greiff","7":"product_cat-meeste-kokapueksid","8":"product_cat-pueksid","9":"product_cat-soodusmueuek","11":"first","12":"instock","13":"sale","14":"shipping-taxable","15":"purchasable","16":"product-type-variable"},"_links":{"self":[{"href":"https:\/\/uus.kokariided.ee\/en\/wp-json\/wp\/v2\/product\/10912","targetHints":{"allow":["GET"]}}],"collection":[{"href":"https:\/\/uus.kokariided.ee\/en\/wp-json\/wp\/v2\/product"}],"about":[{"href":"https:\/\/uus.kokariided.ee\/en\/wp-json\/wp\/v2\/types\/product"}],"replies":[{"embeddable":true,"href":"https:\/\/uus.kokariided.ee\/en\/wp-json\/wp\/v2\/comments?post=10912"}],"wp:featuredmedia":[{"embeddable":true,"href":"https:\/\/uus.kokariided.ee\/en\/wp-json\/wp\/v2\/media\/10913"}],"wp:attachment":[{"href":"https:\/\/uus.kokariided.ee\/en\/wp-json\/wp\/v2\/media?parent=10912"}],"wp:term":[{"taxonomy":"product_cat","embeddable":true,"href":"https:\/\/uus.kokariided.ee\/en\/wp-json\/wp\/v2\/product_cat?post=10912"},{"taxonomy":"product_tag","embeddable":true,"href":"https:\/\/uus.kokariided.ee\/en\/wp-json\/wp\/v2\/product_tag?post=10912"}],"curies":[{"name":"wp","href":"https:\/\/api.w.org\/{rel}","templated":true}]}}