{"id":10919,"date":"2017-12-13T15:55:26","date_gmt":"2017-12-13T15:55:26","guid":{"rendered":"https:\/\/uus.kokariided.ee\/?product=meeste-kokapueksid-halli-triibulised"},"modified":"2024-05-16T17:21:43","modified_gmt":"2024-05-16T17:21:43","slug":"meeste-kokapueksid-halli-triibulised","status":"publish","type":"product","link":"https:\/\/uus.kokariided.ee\/en\/product\/meeste-kokapueksid-halli-triibulised\/","title":{"rendered":"Meeste kokap\u00fcksid, halli triibulised"},"content":{"rendered":"","protected":false},"excerpt":{"rendered":"<p>Meeste kokap\u00fcksid, millel on kolm taskut &#8211; kaks k\u00fclgedel ja \u00fcks taga, millel on n\u00f6\u00f6biga kinnitus. Eest n\u00f6\u00f6bi ja lukuga kinnitus, v\u00f6\u00f6l rihma aasad. Pesu kuni 60 kraadi<br \/>\nMaterjal: 65% pol\u00fcester, 35% puuvill, 180 g\/m2<\/p>","protected":false},"featured_media":10920,"comment_status":"open","ping_status":"closed","template":"","meta":[],"product_cat":[787,113,106],"product_tag":[],"class_list":{"0":"post-10919","1":"product","2":"type-product","3":"status-publish","4":"has-post-thumbnail","6":"product_brand-greiff","7":"product_cat-meeste-kokapueksid","8":"product_cat-pueksid","9":"product_cat-soodusmueuek","11":"first","12":"instock","13":"sale","14":"shipping-taxable","15":"purchasable","16":"product-type-variable"},"_links":{"self":[{"href":"https:\/\/uus.kokariided.ee\/en\/wp-json\/wp\/v2\/product\/10919","targetHints":{"allow":["GET"]}}],"collection":[{"href":"https:\/\/uus.kokariided.ee\/en\/wp-json\/wp\/v2\/product"}],"about":[{"href":"https:\/\/uus.kokariided.ee\/en\/wp-json\/wp\/v2\/types\/product"}],"replies":[{"embeddable":true,"href":"https:\/\/uus.kokariided.ee\/en\/wp-json\/wp\/v2\/comments?post=10919"}],"wp:featuredmedia":[{"embeddable":true,"href":"https:\/\/uus.kokariided.ee\/en\/wp-json\/wp\/v2\/media\/10920"}],"wp:attachment":[{"href":"https:\/\/uus.kokariided.ee\/en\/wp-json\/wp\/v2\/media?parent=10919"}],"wp:term":[{"taxonomy":"product_cat","embeddable":true,"href":"https:\/\/uus.kokariided.ee\/en\/wp-json\/wp\/v2\/product_cat?post=10919"},{"taxonomy":"product_tag","embeddable":true,"href":"https:\/\/uus.kokariided.ee\/en\/wp-json\/wp\/v2\/product_tag?post=10919"}],"curies":[{"name":"wp","href":"https:\/\/api.w.org\/{rel}","templated":true}]}}