{"id":10929,"date":"2017-12-13T16:07:20","date_gmt":"2017-12-13T16:07:20","guid":{"rendered":"https:\/\/uus.kokariided.ee\/?product=meeste-kokapueksid-musta-valge-triibulised"},"modified":"2025-01-14T16:18:38","modified_gmt":"2025-01-14T16:18:38","slug":"meeste-kokapueksid-musta-valge-triibulised","status":"publish","type":"product","link":"https:\/\/uus.kokariided.ee\/en\/product\/meeste-kokapueksid-musta-valge-triibulised\/","title":{"rendered":"Meeste kokap\u00fcksid, musta-valge triibulised"},"content":{"rendered":"","protected":false},"excerpt":{"rendered":"<p>Meeste kokap\u00fcksid, millel kolm taskut &#8211; kaks k\u00fcledel ja \u00fcks taga, millel on n\u00f6\u00f6biga kinnitus. Eest n\u00f6\u00f6bi ja lukuga kinnitus, v\u00f6\u00f6l rihma aasad. Pesu kuni 95 kraadi<br \/>\nMaterjal: 100% puuvill<\/p>","protected":false},"featured_media":10930,"comment_status":"open","ping_status":"closed","template":"","meta":[],"product_cat":[105,787,113,106],"product_tag":[261],"class_list":{"0":"post-10929","1":"product","2":"type-product","3":"status-publish","4":"has-post-thumbnail","6":"product_brand-greiff","7":"product_cat-5xl-7xl-kokariided","8":"product_cat-meeste-kokapueksid","9":"product_cat-pueksid","10":"product_cat-soodusmueuek","11":"product_tag-95-kraadi","13":"first","14":"instock","15":"sale","16":"shipping-taxable","17":"purchasable","18":"product-type-variable"},"_links":{"self":[{"href":"https:\/\/uus.kokariided.ee\/en\/wp-json\/wp\/v2\/product\/10929","targetHints":{"allow":["GET"]}}],"collection":[{"href":"https:\/\/uus.kokariided.ee\/en\/wp-json\/wp\/v2\/product"}],"about":[{"href":"https:\/\/uus.kokariided.ee\/en\/wp-json\/wp\/v2\/types\/product"}],"replies":[{"embeddable":true,"href":"https:\/\/uus.kokariided.ee\/en\/wp-json\/wp\/v2\/comments?post=10929"}],"wp:featuredmedia":[{"embeddable":true,"href":"https:\/\/uus.kokariided.ee\/en\/wp-json\/wp\/v2\/media\/10930"}],"wp:attachment":[{"href":"https:\/\/uus.kokariided.ee\/en\/wp-json\/wp\/v2\/media?parent=10929"}],"wp:term":[{"taxonomy":"product_cat","embeddable":true,"href":"https:\/\/uus.kokariided.ee\/en\/wp-json\/wp\/v2\/product_cat?post=10929"},{"taxonomy":"product_tag","embeddable":true,"href":"https:\/\/uus.kokariided.ee\/en\/wp-json\/wp\/v2\/product_tag?post=10929"}],"curies":[{"name":"wp","href":"https:\/\/api.w.org\/{rel}","templated":true}]}}