{"id":10968,"date":"2017-12-14T09:43:37","date_gmt":"2017-12-14T09:43:37","guid":{"rendered":"https:\/\/uus.kokariided.ee\/?product=naiste-pluus-1755943966"},"modified":"2025-01-22T13:19:19","modified_gmt":"2025-01-22T13:19:19","slug":"naiste-pluus-1755943966","status":"publish","type":"product","link":"https:\/\/uus.kokariided.ee\/en\/product\/naiste-pluus-1755943966\/","title":{"rendered":"Naiste pluus"},"content":{"rendered":"","protected":false},"excerpt":{"rendered":"<p>Naiste\u00a0pika varrukatega s\u00e4rk.\u00a0Kehasse t\u00f6\u00f6deldud, k\u00fcljel l\u00f5hikud.\u00a0<br \/>\nMaterjal: 97% puuvill 3% spandex<br \/>\nNB! Tooten\u00e4idis, v\u00f5ib esineda m\u00e4\u00e4rdumist!<\/p>","protected":false},"featured_media":10969,"comment_status":"open","ping_status":"closed","template":"","meta":[],"product_cat":[106],"product_tag":[],"class_list":{"0":"post-10968","1":"product","2":"type-product","3":"status-publish","4":"has-post-thumbnail","6":"product_brand-greiff","7":"product_cat-soodusmueuek","9":"first","10":"instock","11":"shipping-taxable","12":"purchasable","13":"product-type-variable"},"_links":{"self":[{"href":"https:\/\/uus.kokariided.ee\/en\/wp-json\/wp\/v2\/product\/10968","targetHints":{"allow":["GET"]}}],"collection":[{"href":"https:\/\/uus.kokariided.ee\/en\/wp-json\/wp\/v2\/product"}],"about":[{"href":"https:\/\/uus.kokariided.ee\/en\/wp-json\/wp\/v2\/types\/product"}],"replies":[{"embeddable":true,"href":"https:\/\/uus.kokariided.ee\/en\/wp-json\/wp\/v2\/comments?post=10968"}],"wp:featuredmedia":[{"embeddable":true,"href":"https:\/\/uus.kokariided.ee\/en\/wp-json\/wp\/v2\/media\/10969"}],"wp:attachment":[{"href":"https:\/\/uus.kokariided.ee\/en\/wp-json\/wp\/v2\/media?parent=10968"}],"wp:term":[{"taxonomy":"product_cat","embeddable":true,"href":"https:\/\/uus.kokariided.ee\/en\/wp-json\/wp\/v2\/product_cat?post=10968"},{"taxonomy":"product_tag","embeddable":true,"href":"https:\/\/uus.kokariided.ee\/en\/wp-json\/wp\/v2\/product_tag?post=10968"}],"curies":[{"name":"wp","href":"https:\/\/api.w.org\/{rel}","templated":true}]}}