{"id":10979,"date":"2017-12-14T12:12:25","date_gmt":"2017-12-14T12:12:25","guid":{"rendered":"https:\/\/uus.kokariided.ee\/?product=unisex-pueksid-1755943976"},"modified":"2024-03-25T15:41:23","modified_gmt":"2024-03-25T15:41:23","slug":"unisex-pueksid-1755943976","status":"publish","type":"product","link":"https:\/\/uus.kokariided.ee\/en\/product\/unisex-pueksid-1755943976\/","title":{"rendered":"Unisex p\u00fcksid"},"content":{"rendered":"","protected":false},"excerpt":{"rendered":"<p>Unisex p\u00fcksid, sobivad nii kokale kui meditsiinit\u00f6\u00f6tajale.Tagatasku, v\u00f6\u00f6osa kummiga.\u00a0<br \/>\nMaterjal: 50% puuvill, 50% pol\u00fcester.\u00a0Kangakaal: 175 g \/ m\u00b2<br \/>\nPestav kuni 60 kraadi<\/p>","protected":false},"featured_media":10980,"comment_status":"open","ping_status":"closed","template":"","meta":[],"product_cat":[787,788,113,106],"product_tag":[],"class_list":{"0":"post-10979","1":"product","2":"type-product","3":"status-publish","4":"has-post-thumbnail","6":"product_brand-exner","7":"product_cat-meeste-kokapueksid","8":"product_cat-naiste-kokapueksid","9":"product_cat-pueksid","10":"product_cat-soodusmueuek","12":"first","13":"instock","14":"shipping-taxable","15":"purchasable","16":"product-type-variable"},"_links":{"self":[{"href":"https:\/\/uus.kokariided.ee\/en\/wp-json\/wp\/v2\/product\/10979","targetHints":{"allow":["GET"]}}],"collection":[{"href":"https:\/\/uus.kokariided.ee\/en\/wp-json\/wp\/v2\/product"}],"about":[{"href":"https:\/\/uus.kokariided.ee\/en\/wp-json\/wp\/v2\/types\/product"}],"replies":[{"embeddable":true,"href":"https:\/\/uus.kokariided.ee\/en\/wp-json\/wp\/v2\/comments?post=10979"}],"wp:featuredmedia":[{"embeddable":true,"href":"https:\/\/uus.kokariided.ee\/en\/wp-json\/wp\/v2\/media\/10980"}],"wp:attachment":[{"href":"https:\/\/uus.kokariided.ee\/en\/wp-json\/wp\/v2\/media?parent=10979"}],"wp:term":[{"taxonomy":"product_cat","embeddable":true,"href":"https:\/\/uus.kokariided.ee\/en\/wp-json\/wp\/v2\/product_cat?post=10979"},{"taxonomy":"product_tag","embeddable":true,"href":"https:\/\/uus.kokariided.ee\/en\/wp-json\/wp\/v2\/product_tag?post=10979"}],"curies":[{"name":"wp","href":"https:\/\/api.w.org\/{rel}","templated":true}]}}