{"id":10999,"date":"2017-12-14T12:39:40","date_gmt":"2017-12-14T12:39:40","guid":{"rendered":"https:\/\/uus.kokariided.ee\/?product=unisex-pueksid-1755943994"},"modified":"2024-05-10T15:25:40","modified_gmt":"2024-05-10T15:25:40","slug":"unisex-pueksid-1755943994","status":"publish","type":"product","link":"https:\/\/uus.kokariided.ee\/en\/product\/unisex-pueksid-1755943994\/","title":{"rendered":"Unisex p\u00fcksid lillad"},"content":{"rendered":"","protected":false},"excerpt":{"rendered":"<p>Unisex p\u00fcksid, sobivad nii kokale kui meditsiinit\u00f6\u00f6tajale.kaks k\u00fcljetaskut, \u00fcks tagatasku,\u00a0v\u00f6\u00f6osa kummiga.<br \/>\nMaterjal: 100% puuvill<\/p>","protected":false},"featured_media":11000,"comment_status":"open","ping_status":"closed","template":"","meta":[],"product_cat":[787,113,106],"product_tag":[],"class_list":{"0":"post-10999","1":"product","2":"type-product","3":"status-publish","4":"has-post-thumbnail","6":"product_brand-greiff","7":"product_cat-meeste-kokapueksid","8":"product_cat-pueksid","9":"product_cat-soodusmueuek","11":"first","12":"instock","13":"shipping-taxable","14":"purchasable","15":"product-type-variable"},"_links":{"self":[{"href":"https:\/\/uus.kokariided.ee\/en\/wp-json\/wp\/v2\/product\/10999","targetHints":{"allow":["GET"]}}],"collection":[{"href":"https:\/\/uus.kokariided.ee\/en\/wp-json\/wp\/v2\/product"}],"about":[{"href":"https:\/\/uus.kokariided.ee\/en\/wp-json\/wp\/v2\/types\/product"}],"replies":[{"embeddable":true,"href":"https:\/\/uus.kokariided.ee\/en\/wp-json\/wp\/v2\/comments?post=10999"}],"wp:featuredmedia":[{"embeddable":true,"href":"https:\/\/uus.kokariided.ee\/en\/wp-json\/wp\/v2\/media\/11000"}],"wp:attachment":[{"href":"https:\/\/uus.kokariided.ee\/en\/wp-json\/wp\/v2\/media?parent=10999"}],"wp:term":[{"taxonomy":"product_cat","embeddable":true,"href":"https:\/\/uus.kokariided.ee\/en\/wp-json\/wp\/v2\/product_cat?post=10999"},{"taxonomy":"product_tag","embeddable":true,"href":"https:\/\/uus.kokariided.ee\/en\/wp-json\/wp\/v2\/product_tag?post=10999"}],"curies":[{"name":"wp","href":"https:\/\/api.w.org\/{rel}","templated":true}]}}