{"id":11027,"date":"2017-12-14T14:05:47","date_gmt":"2017-12-14T14:05:47","guid":{"rendered":"https:\/\/uus.kokariided.ee\/?product=naiste-kittel-1755944021"},"modified":"2024-03-25T15:41:23","modified_gmt":"2024-03-25T15:41:23","slug":"naiste-kittel-1755944021","status":"publish","type":"product","link":"https:\/\/uus.kokariided.ee\/en\/product\/naiste-kittel-1755944021\/","title":{"rendered":"Naiste kittel"},"content":{"rendered":"<pre class=\"tw-data-text tw-ta tw-text-small\" id=\"tw-target-text\" dir=\"ltr\">2 taskut<br \/>Ees n\u00f6\u00f6bid<br \/><br \/><br \/><\/pre>","protected":false},"excerpt":{"rendered":"<p>Naiste kittel, sobib meditsiinit\u00f6\u00f6tajatele.<br \/>\n100%\u00a0puuvill<br \/>\nSlim Fit<br \/>\nNB! Tooten\u00e4idis, v\u00f5ib esineda m\u00e4\u00e4rdumist!\u00a0<\/p>","protected":false},"featured_media":11028,"comment_status":"open","ping_status":"closed","template":"","meta":[],"product_cat":[106],"product_tag":[],"class_list":{"0":"post-11027","1":"product","2":"type-product","3":"status-publish","4":"has-post-thumbnail","6":"product_brand-greiff","7":"product_cat-soodusmueuek","9":"first","10":"instock","11":"shipping-taxable","12":"purchasable","13":"product-type-variable"},"_links":{"self":[{"href":"https:\/\/uus.kokariided.ee\/en\/wp-json\/wp\/v2\/product\/11027","targetHints":{"allow":["GET"]}}],"collection":[{"href":"https:\/\/uus.kokariided.ee\/en\/wp-json\/wp\/v2\/product"}],"about":[{"href":"https:\/\/uus.kokariided.ee\/en\/wp-json\/wp\/v2\/types\/product"}],"replies":[{"embeddable":true,"href":"https:\/\/uus.kokariided.ee\/en\/wp-json\/wp\/v2\/comments?post=11027"}],"wp:featuredmedia":[{"embeddable":true,"href":"https:\/\/uus.kokariided.ee\/en\/wp-json\/wp\/v2\/media\/11028"}],"wp:attachment":[{"href":"https:\/\/uus.kokariided.ee\/en\/wp-json\/wp\/v2\/media?parent=11027"}],"wp:term":[{"taxonomy":"product_cat","embeddable":true,"href":"https:\/\/uus.kokariided.ee\/en\/wp-json\/wp\/v2\/product_cat?post=11027"},{"taxonomy":"product_tag","embeddable":true,"href":"https:\/\/uus.kokariided.ee\/en\/wp-json\/wp\/v2\/product_tag?post=11027"}],"curies":[{"name":"wp","href":"https:\/\/api.w.org\/{rel}","templated":true}]}}