{"id":11037,"date":"2017-12-14T14:47:38","date_gmt":"2017-12-14T14:47:38","guid":{"rendered":"https:\/\/uus.kokariided.ee\/?product=naiste-saerk-1755944030"},"modified":"2024-03-25T15:41:23","modified_gmt":"2024-03-25T15:41:23","slug":"naiste-saerk-1755944030","status":"publish","type":"product","link":"https:\/\/uus.kokariided.ee\/en\/product\/naiste-saerk-1755944030\/","title":{"rendered":"Naiste s\u00e4rk"},"content":{"rendered":"","protected":false},"excerpt":{"rendered":"<p>Kolmveerand varrukas,\u00a0kehasse t\u00f6\u00f6deldud.<br \/>\n70% puuvill &#8211; 30% pol\u00fcester<br \/>\n\u00a0\u00a0\u00a0\u00a0<br \/>\nNB! Tooten\u00e4idis, v\u00f5ib esineda m\u00e4\u00e4rdumist!<\/p>","protected":false},"featured_media":11038,"comment_status":"open","ping_status":"closed","template":"","meta":[],"product_cat":[106],"product_tag":[],"class_list":{"0":"post-11037","1":"product","2":"type-product","3":"status-publish","4":"has-post-thumbnail","6":"product_brand-greiff","7":"product_cat-soodusmueuek","9":"first","10":"instock","11":"shipping-taxable","12":"purchasable","13":"product-type-variable"},"_links":{"self":[{"href":"https:\/\/uus.kokariided.ee\/en\/wp-json\/wp\/v2\/product\/11037","targetHints":{"allow":["GET"]}}],"collection":[{"href":"https:\/\/uus.kokariided.ee\/en\/wp-json\/wp\/v2\/product"}],"about":[{"href":"https:\/\/uus.kokariided.ee\/en\/wp-json\/wp\/v2\/types\/product"}],"replies":[{"embeddable":true,"href":"https:\/\/uus.kokariided.ee\/en\/wp-json\/wp\/v2\/comments?post=11037"}],"wp:featuredmedia":[{"embeddable":true,"href":"https:\/\/uus.kokariided.ee\/en\/wp-json\/wp\/v2\/media\/11038"}],"wp:attachment":[{"href":"https:\/\/uus.kokariided.ee\/en\/wp-json\/wp\/v2\/media?parent=11037"}],"wp:term":[{"taxonomy":"product_cat","embeddable":true,"href":"https:\/\/uus.kokariided.ee\/en\/wp-json\/wp\/v2\/product_cat?post=11037"},{"taxonomy":"product_tag","embeddable":true,"href":"https:\/\/uus.kokariided.ee\/en\/wp-json\/wp\/v2\/product_tag?post=11037"}],"curies":[{"name":"wp","href":"https:\/\/api.w.org\/{rel}","templated":true}]}}