{"id":11051,"date":"2017-12-14T16:06:02","date_gmt":"2017-12-14T16:06:02","guid":{"rendered":"https:\/\/uus.kokariided.ee\/?product=naiste-tuunika-luehikeste-varrukatega"},"modified":"2024-03-25T15:41:23","modified_gmt":"2024-03-25T15:41:23","slug":"naiste-tuunika-luehikeste-varrukatega","status":"publish","type":"product","link":"https:\/\/uus.kokariided.ee\/en\/product\/naiste-tuunika-luehikeste-varrukatega\/","title":{"rendered":"Naiste tuunika l\u00fchikeste varrukatega"},"content":{"rendered":"<pre class=\"tw-data-text tw-ta tw-text-small\" id=\"tw-target-text\" dir=\"ltr\">2 taskut, 1 rinnatasku, l\u00fchikesed k\u00e4ised <br \/>Ees n\u00f6\u00f6bid<br \/><br \/><br \/><\/pre>","protected":false},"excerpt":{"rendered":"<p>Naiste kittel, sobib meditsiinit\u00f6\u00f6tajatele.\u00a0<br \/>\n100%\u00a0puuvill<br \/>\nNB! Tooten\u00e4idis, v\u00f5ib esineda m\u00e4\u00e4rdumist!\u00a0<br \/>\nNB! L\u00dcHIKESE K\u00c4ISEGA MUDEL (pilt on illustreeriv)!<\/p>","protected":false},"featured_media":11052,"comment_status":"open","ping_status":"closed","template":"","meta":[],"product_cat":[106],"product_tag":[],"class_list":{"0":"post-11051","1":"product","2":"type-product","3":"status-publish","4":"has-post-thumbnail","6":"product_brand-isacco","7":"product_cat-soodusmueuek","9":"first","10":"instock","11":"shipping-taxable","12":"purchasable","13":"product-type-variable"},"_links":{"self":[{"href":"https:\/\/uus.kokariided.ee\/en\/wp-json\/wp\/v2\/product\/11051","targetHints":{"allow":["GET"]}}],"collection":[{"href":"https:\/\/uus.kokariided.ee\/en\/wp-json\/wp\/v2\/product"}],"about":[{"href":"https:\/\/uus.kokariided.ee\/en\/wp-json\/wp\/v2\/types\/product"}],"replies":[{"embeddable":true,"href":"https:\/\/uus.kokariided.ee\/en\/wp-json\/wp\/v2\/comments?post=11051"}],"wp:featuredmedia":[{"embeddable":true,"href":"https:\/\/uus.kokariided.ee\/en\/wp-json\/wp\/v2\/media\/11052"}],"wp:attachment":[{"href":"https:\/\/uus.kokariided.ee\/en\/wp-json\/wp\/v2\/media?parent=11051"}],"wp:term":[{"taxonomy":"product_cat","embeddable":true,"href":"https:\/\/uus.kokariided.ee\/en\/wp-json\/wp\/v2\/product_cat?post=11051"},{"taxonomy":"product_tag","embeddable":true,"href":"https:\/\/uus.kokariided.ee\/en\/wp-json\/wp\/v2\/product_tag?post=11051"}],"curies":[{"name":"wp","href":"https:\/\/api.w.org\/{rel}","templated":true}]}}