{"id":11055,"date":"2017-12-14T16:13:17","date_gmt":"2017-12-14T16:13:17","guid":{"rendered":"https:\/\/uus.kokariided.ee\/?product=meeste-jakk-peter-100-pv-valge"},"modified":"2024-04-04T15:26:27","modified_gmt":"2024-04-04T15:26:27","slug":"meeste-jakk-peter-100-pv-valge","status":"publish","type":"product","link":"https:\/\/uus.kokariided.ee\/en\/product\/meeste-jakk-peter-100-pv-valge\/","title":{"rendered":"Meeste jakk Peter, 100% pv, valge"},"content":{"rendered":"<pre class=\"tw-data-text tw-ta tw-text-small\" id=\"tw-target-text\" dir=\"ltr\"><br \/><br \/><br \/><br \/><\/pre>","protected":false},"excerpt":{"rendered":"<p>Meeste l\u00fchikeste varrukatega jakk, sinise kraega. Jakil on kolm taskut &#8211; \u00fcks vasakul rinnal ja kaks k\u00fclgedel, millel on sinine tasku\u00e4\u00e4r. Eriti h\u00e4sti sobib meditsiinit\u00f6\u00f6tajatele. Pesu kuni 40 kraadi.<br \/>\nMaterjal: 100%\u00a0puuvill,\u00a0190 g\/m\u00b2<br \/>\nNB! Tooten\u00e4idis<\/p>","protected":false},"featured_media":11056,"comment_status":"open","ping_status":"closed","template":"","meta":[],"product_cat":[789,106],"product_tag":[435],"class_list":{"0":"post-11055","1":"product","2":"type-product","3":"status-publish","4":"has-post-thumbnail","6":"product_brand-isacco","7":"product_cat-meeste-unisex-kokajakid","8":"product_cat-soodusmueuek","9":"product_tag-tootenaidis","11":"first","12":"instock","13":"shipping-taxable","14":"purchasable","15":"product-type-variable"},"_links":{"self":[{"href":"https:\/\/uus.kokariided.ee\/en\/wp-json\/wp\/v2\/product\/11055","targetHints":{"allow":["GET"]}}],"collection":[{"href":"https:\/\/uus.kokariided.ee\/en\/wp-json\/wp\/v2\/product"}],"about":[{"href":"https:\/\/uus.kokariided.ee\/en\/wp-json\/wp\/v2\/types\/product"}],"replies":[{"embeddable":true,"href":"https:\/\/uus.kokariided.ee\/en\/wp-json\/wp\/v2\/comments?post=11055"}],"wp:featuredmedia":[{"embeddable":true,"href":"https:\/\/uus.kokariided.ee\/en\/wp-json\/wp\/v2\/media\/11056"}],"wp:attachment":[{"href":"https:\/\/uus.kokariided.ee\/en\/wp-json\/wp\/v2\/media?parent=11055"}],"wp:term":[{"taxonomy":"product_cat","embeddable":true,"href":"https:\/\/uus.kokariided.ee\/en\/wp-json\/wp\/v2\/product_cat?post=11055"},{"taxonomy":"product_tag","embeddable":true,"href":"https:\/\/uus.kokariided.ee\/en\/wp-json\/wp\/v2\/product_tag?post=11055"}],"curies":[{"name":"wp","href":"https:\/\/api.w.org\/{rel}","templated":true}]}}