{"id":11543,"date":"2017-12-18T11:38:30","date_gmt":"2017-12-18T11:38:30","guid":{"rendered":"https:\/\/uus.kokariided.ee\/?product=kokajakk-guzzi-black"},"modified":"2024-01-31T10:31:05","modified_gmt":"2024-01-31T10:31:05","slug":"kokajakk-guzzi-black","status":"publish","type":"product","link":"https:\/\/uus.kokariided.ee\/en\/product\/kokajakk-guzzi-black\/","title":{"rendered":"Kokajakk GUZZI BLACK"},"content":{"rendered":"","protected":false},"excerpt":{"rendered":"<p>Trendika v\u00e4limusega kokajakk, millel on lukk-kinnitus. Topelt\u00f5mblustega. Jakki on v\u00f5imalik kanda ka \u00fcles keeratavate ja kinnitavate varrukatega.\u00a0<br \/>\n&#8211; sirge l\u00f5ikega<br \/>\n&#8211; lukk-kinnitusega<br \/>\n&#8211; kirjutausvahendi tasku<br \/>\n&#8211; varrukakinnitustega<br \/>\n&#8211; k\u00fclje l\u00f5hikud<br \/>\n&#8211;\u00a0215 g\/m2<br \/>\n&#8211; 50% pol\u00fcester ja 50% puuvill<\/p>","protected":false},"featured_media":11544,"comment_status":"open","ping_status":"closed","template":"","meta":[],"product_cat":[110,104,789],"product_tag":[441,440],"class_list":{"0":"post-11543","1":"product","2":"type-product","3":"status-publish","4":"has-post-thumbnail","6":"product_brand-chaud-devant","7":"product_cat-kokajakid","8":"product_cat-kokariided","9":"product_cat-meeste-unisex-kokajakid","10":"product_tag-lukk","11":"product_tag-lukuga","13":"first","14":"instock","15":"shipping-taxable","16":"purchasable","17":"product-type-variable"},"_links":{"self":[{"href":"https:\/\/uus.kokariided.ee\/en\/wp-json\/wp\/v2\/product\/11543","targetHints":{"allow":["GET"]}}],"collection":[{"href":"https:\/\/uus.kokariided.ee\/en\/wp-json\/wp\/v2\/product"}],"about":[{"href":"https:\/\/uus.kokariided.ee\/en\/wp-json\/wp\/v2\/types\/product"}],"replies":[{"embeddable":true,"href":"https:\/\/uus.kokariided.ee\/en\/wp-json\/wp\/v2\/comments?post=11543"}],"wp:featuredmedia":[{"embeddable":true,"href":"https:\/\/uus.kokariided.ee\/en\/wp-json\/wp\/v2\/media\/11544"}],"wp:attachment":[{"href":"https:\/\/uus.kokariided.ee\/en\/wp-json\/wp\/v2\/media?parent=11543"}],"wp:term":[{"taxonomy":"product_cat","embeddable":true,"href":"https:\/\/uus.kokariided.ee\/en\/wp-json\/wp\/v2\/product_cat?post=11543"},{"taxonomy":"product_tag","embeddable":true,"href":"https:\/\/uus.kokariided.ee\/en\/wp-json\/wp\/v2\/product_tag?post=11543"}],"curies":[{"name":"wp","href":"https:\/\/api.w.org\/{rel}","templated":true}]}}