{"id":11570,"date":"2017-12-18T12:24:00","date_gmt":"2017-12-18T12:24:00","guid":{"rendered":"https:\/\/uus.kokariided.ee\/?product=naiste-kokajakk-lady-monza-must-pikk-varrukas"},"modified":"2023-06-14T16:21:46","modified_gmt":"2023-06-14T16:21:46","slug":"naiste-kokajakk-lady-monza-must-pikk-varrukas","status":"publish","type":"product","link":"https:\/\/uus.kokariided.ee\/en\/product\/naiste-kokajakk-lady-monza-must-pikk-varrukas\/","title":{"rendered":"Naiste kokajakk LADY MONZA, must, pikk varrukas"},"content":{"rendered":"","protected":false},"excerpt":{"rendered":"<p>Modernne kokajakk\u00a0pikkade varrukatega, lukk-kinnitusega, varrukal pastaka tasku.\u00a0Satiin Cooltex materjal laseb jakil hingata ja tagab mugavuse ka k\u00f5ige kiiremal t\u00f6\u00f6ajal. Kerge triikida, k\u00fclgedel l\u00f5hikud, kehasse t\u00f6\u00f6deldud. Saadaval ka\u00a0valgena.<br \/>\n50% pol\u00fcester, 50% puuvill, 215 g\/m2, suurused XS-3XL<\/p>","protected":false},"featured_media":11571,"comment_status":"open","ping_status":"closed","template":"","meta":[],"product_cat":[110,104,790],"product_tag":[443,442],"class_list":{"0":"post-11570","1":"product","2":"type-product","3":"status-publish","4":"has-post-thumbnail","6":"product_brand-chaud-devant","7":"product_cat-kokajakid","8":"product_cat-kokariided","9":"product_cat-naiste-kokajakid","10":"product_tag-monza","11":"product_tag-naiste-kokajakk","13":"first","14":"instock","15":"shipping-taxable","16":"purchasable","17":"product-type-variable"},"_links":{"self":[{"href":"https:\/\/uus.kokariided.ee\/en\/wp-json\/wp\/v2\/product\/11570","targetHints":{"allow":["GET"]}}],"collection":[{"href":"https:\/\/uus.kokariided.ee\/en\/wp-json\/wp\/v2\/product"}],"about":[{"href":"https:\/\/uus.kokariided.ee\/en\/wp-json\/wp\/v2\/types\/product"}],"replies":[{"embeddable":true,"href":"https:\/\/uus.kokariided.ee\/en\/wp-json\/wp\/v2\/comments?post=11570"}],"wp:featuredmedia":[{"embeddable":true,"href":"https:\/\/uus.kokariided.ee\/en\/wp-json\/wp\/v2\/media\/11571"}],"wp:attachment":[{"href":"https:\/\/uus.kokariided.ee\/en\/wp-json\/wp\/v2\/media?parent=11570"}],"wp:term":[{"taxonomy":"product_cat","embeddable":true,"href":"https:\/\/uus.kokariided.ee\/en\/wp-json\/wp\/v2\/product_cat?post=11570"},{"taxonomy":"product_tag","embeddable":true,"href":"https:\/\/uus.kokariided.ee\/en\/wp-json\/wp\/v2\/product_tag?post=11570"}],"curies":[{"name":"wp","href":"https:\/\/api.w.org\/{rel}","templated":true}]}}