{"id":11621,"date":"2017-12-18T13:28:00","date_gmt":"2017-12-18T13:28:00","guid":{"rendered":"https:\/\/uus.kokariided.ee\/?product=unisex-meditsiini-pluus-scrub-roosa"},"modified":"2024-05-29T12:34:52","modified_gmt":"2024-05-29T12:34:52","slug":"unisex-meditsiini-pluus-scrub-roosa","status":"publish","type":"product","link":"https:\/\/uus.kokariided.ee\/en\/product\/unisex-meditsiini-pluus-scrub-roosa\/","title":{"rendered":"Unisex meditsiini tuunika Scrub, roosa"},"content":{"rendered":"<pre class=\"tw-data-text tw-ta tw-text-small\" id=\"tw-target-text\" dir=\"ltr\"><br \/><br \/><\/pre>","protected":false},"excerpt":{"rendered":"<p>Unisex pluus, mis sobib nii meditsiinit\u00f6\u00f6tajatele ja iluteenindajatele.<br \/>\nMaterjal: 50% pol\u00fcester, 50% puuvill, 175 g\/m2<br \/>\n&#8211; V-kaelus<br \/>\n&#8211; \u00fcks rinnatasku m\u00f5\u00f5tudega u 13cmx14cm<br \/>\n&#8211; kaks k\u00fcljetaskut<br \/>\n&#8211; k\u00fcljel\u00f5hikud<br \/>\n&#8211; sametiselt pehme materjal<br \/>\n&#8211; selja pikkus M-suurusel 72cm<br \/>\n&#8211; suurused XS kuni 7XL<br \/>\n&#8211; saadaval 16 v\u00e4rvitoonis:<\/p>","protected":false},"featured_media":11622,"comment_status":"open","ping_status":"closed","template":"","meta":[],"product_cat":[756,738],"product_tag":[450,448,447,449,446,451,445],"class_list":{"0":"post-11621","1":"product","2":"type-product","3":"status-publish","4":"has-post-thumbnail","6":"product_brand-exner","7":"product_cat-naiste-pluusidsaergid","8":"product_cat-tuunikad","9":"product_tag-arst","10":"product_tag-ilu","11":"product_tag-iluteenindaja","12":"product_tag-iluteenindus","13":"product_tag-meditsiin","14":"product_tag-ode","15":"product_tag-scrub","17":"first","18":"instock","19":"shipping-taxable","20":"purchasable","21":"product-type-variable"},"_links":{"self":[{"href":"https:\/\/uus.kokariided.ee\/en\/wp-json\/wp\/v2\/product\/11621","targetHints":{"allow":["GET"]}}],"collection":[{"href":"https:\/\/uus.kokariided.ee\/en\/wp-json\/wp\/v2\/product"}],"about":[{"href":"https:\/\/uus.kokariided.ee\/en\/wp-json\/wp\/v2\/types\/product"}],"replies":[{"embeddable":true,"href":"https:\/\/uus.kokariided.ee\/en\/wp-json\/wp\/v2\/comments?post=11621"}],"wp:featuredmedia":[{"embeddable":true,"href":"https:\/\/uus.kokariided.ee\/en\/wp-json\/wp\/v2\/media\/11622"}],"wp:attachment":[{"href":"https:\/\/uus.kokariided.ee\/en\/wp-json\/wp\/v2\/media?parent=11621"}],"wp:term":[{"taxonomy":"product_cat","embeddable":true,"href":"https:\/\/uus.kokariided.ee\/en\/wp-json\/wp\/v2\/product_cat?post=11621"},{"taxonomy":"product_tag","embeddable":true,"href":"https:\/\/uus.kokariided.ee\/en\/wp-json\/wp\/v2\/product_tag?post=11621"}],"curies":[{"name":"wp","href":"https:\/\/api.w.org\/{rel}","templated":true}]}}