{"id":11636,"date":"2017-12-18T13:31:30","date_gmt":"2017-12-18T13:31:30","guid":{"rendered":"https:\/\/uus.kokariided.ee\/?product=kokajakk-monza-valge-luehike-varrukas"},"modified":"2024-01-31T12:24:07","modified_gmt":"2024-01-31T12:24:07","slug":"kokajakk-monza-valge-luehike-varrukas","status":"publish","type":"product","link":"https:\/\/uus.kokariided.ee\/en\/product\/kokajakk-monza-valge-luehike-varrukas\/","title":{"rendered":"Kokajakk MONZA, valge, l\u00fchike varrukas"},"content":{"rendered":"","protected":false},"excerpt":{"rendered":"<p>Modernne kokajakk\u00a0l\u00fchikeste varrukatega, lukk-kinnitusega, rinnal ja varrukal tasku.\u00a0Satiin Cooltex materjal laseb jakil hingata ja tagab mugavuse ka k\u00f5ige kiiremal t\u00f6\u00f6ajal. Kerge triikida, k\u00fclgedel l\u00f5hikud,sirge l\u00f5ikega. Saadaval ka\u00a0pika varrukaga.<br \/>\n50% pol\u00fcester, 50% puuvill, 215 g\/m2, suurused XS-3XL<\/p>","protected":false},"featured_media":11637,"comment_status":"open","ping_status":"closed","template":"","meta":[],"product_cat":[110,104,789],"product_tag":[452,443],"class_list":{"0":"post-11636","1":"product","2":"type-product","3":"status-publish","4":"has-post-thumbnail","6":"product_brand-chaud-devant","7":"product_cat-kokajakid","8":"product_cat-kokariided","9":"product_cat-meeste-unisex-kokajakid","10":"product_tag-meeste-kokajakk","11":"product_tag-monza","13":"first","14":"instock","15":"shipping-taxable","16":"purchasable","17":"product-type-variable"},"_links":{"self":[{"href":"https:\/\/uus.kokariided.ee\/en\/wp-json\/wp\/v2\/product\/11636","targetHints":{"allow":["GET"]}}],"collection":[{"href":"https:\/\/uus.kokariided.ee\/en\/wp-json\/wp\/v2\/product"}],"about":[{"href":"https:\/\/uus.kokariided.ee\/en\/wp-json\/wp\/v2\/types\/product"}],"replies":[{"embeddable":true,"href":"https:\/\/uus.kokariided.ee\/en\/wp-json\/wp\/v2\/comments?post=11636"}],"wp:featuredmedia":[{"embeddable":true,"href":"https:\/\/uus.kokariided.ee\/en\/wp-json\/wp\/v2\/media\/11637"}],"wp:attachment":[{"href":"https:\/\/uus.kokariided.ee\/en\/wp-json\/wp\/v2\/media?parent=11636"}],"wp:term":[{"taxonomy":"product_cat","embeddable":true,"href":"https:\/\/uus.kokariided.ee\/en\/wp-json\/wp\/v2\/product_cat?post=11636"},{"taxonomy":"product_tag","embeddable":true,"href":"https:\/\/uus.kokariided.ee\/en\/wp-json\/wp\/v2\/product_tag?post=11636"}],"curies":[{"name":"wp","href":"https:\/\/api.w.org\/{rel}","templated":true}]}}