{"id":11649,"date":"2017-12-18T14:01:53","date_gmt":"2017-12-18T14:01:53","guid":{"rendered":"https:\/\/uus.kokariided.ee\/?product=kokajakk-comfort-white"},"modified":"2024-01-31T12:57:46","modified_gmt":"2024-01-31T12:57:46","slug":"kokajakk-comfort-white","status":"publish","type":"product","link":"https:\/\/uus.kokariided.ee\/en\/product\/kokajakk-comfort-white\/","title":{"rendered":"Kokajakk COMFORT WHITE"},"content":{"rendered":"","protected":false},"excerpt":{"rendered":"<p>Kokajakk, mis on vabalt langev ning mille materjal on pehme t\u00e4nu satiin\u00f5mblusele. Jakil on kaks rida trukke, mis annab jakile traditioonilise v\u00e4limuse.\u00a0<br \/>\n&#8211; YKK Flex Fix press buttons<br \/>\n&#8211; kerge triikida<br \/>\n&#8211; satiin\u00f5mblused<\/p>","protected":false},"featured_media":11650,"comment_status":"open","ping_status":"closed","template":"","meta":[],"product_cat":[110,104,789],"product_tag":[444],"class_list":{"0":"post-11649","1":"product","2":"type-product","3":"status-publish","4":"has-post-thumbnail","6":"product_brand-chaud-devant","7":"product_cat-kokajakid","8":"product_cat-kokariided","9":"product_cat-meeste-unisex-kokajakid","10":"product_tag-satiin","12":"first","13":"instock","14":"shipping-taxable","15":"purchasable","16":"product-type-variable"},"_links":{"self":[{"href":"https:\/\/uus.kokariided.ee\/en\/wp-json\/wp\/v2\/product\/11649","targetHints":{"allow":["GET"]}}],"collection":[{"href":"https:\/\/uus.kokariided.ee\/en\/wp-json\/wp\/v2\/product"}],"about":[{"href":"https:\/\/uus.kokariided.ee\/en\/wp-json\/wp\/v2\/types\/product"}],"replies":[{"embeddable":true,"href":"https:\/\/uus.kokariided.ee\/en\/wp-json\/wp\/v2\/comments?post=11649"}],"wp:featuredmedia":[{"embeddable":true,"href":"https:\/\/uus.kokariided.ee\/en\/wp-json\/wp\/v2\/media\/11650"}],"wp:attachment":[{"href":"https:\/\/uus.kokariided.ee\/en\/wp-json\/wp\/v2\/media?parent=11649"}],"wp:term":[{"taxonomy":"product_cat","embeddable":true,"href":"https:\/\/uus.kokariided.ee\/en\/wp-json\/wp\/v2\/product_cat?post=11649"},{"taxonomy":"product_tag","embeddable":true,"href":"https:\/\/uus.kokariided.ee\/en\/wp-json\/wp\/v2\/product_tag?post=11649"}],"curies":[{"name":"wp","href":"https:\/\/api.w.org\/{rel}","templated":true}]}}