{"id":11713,"date":"2017-12-18T16:19:10","date_gmt":"2017-12-18T16:19:10","guid":{"rendered":"https:\/\/uus.kokariided.ee\/?product=meeste-kokajakk-salerno-white"},"modified":"2024-01-31T13:13:12","modified_gmt":"2024-01-31T13:13:12","slug":"meeste-kokajakk-salerno-white","status":"publish","type":"product","link":"https:\/\/uus.kokariided.ee\/en\/product\/meeste-kokajakk-salerno-white\/","title":{"rendered":"Kokajakk SALERNO WHITE, taaskasutus"},"content":{"rendered":"","protected":false},"excerpt":{"rendered":"<p>Kokajakk, mis on valmistatud taaskasutatud pol\u00fcestrist ja keskkonnas\u00f5bralikust puuvillast. Kangas on plekke t\u00f5rjuv ja Easy Care viimistlusega. Ideaalne segu elegantsist ja mugavusest. Soovitus &#8211; j\u00e4tta \u00fclemine trukk avatuks.<br \/>\n65% pol\u00fcester, 35% puuvill, 200g\/m2- Tsentreeritud varjatud kinnitus- Rinna- ja pliiatsitasku- YKK Flex Fix\u00a0trukid- Taaskasutatud plastpudelitest valmistatud materjal<\/p>","protected":false},"featured_media":11714,"comment_status":"open","ping_status":"closed","template":"","meta":[],"product_cat":[110,104,789],"product_tag":[463,461,460,213,462],"class_list":{"0":"post-11713","1":"product","2":"type-product","3":"status-publish","4":"has-post-thumbnail","6":"product_brand-chaud-devant","7":"product_cat-kokajakid","8":"product_cat-kokariided","9":"product_cat-meeste-unisex-kokajakid","10":"product_tag-easy-care","11":"product_tag-keskkonnasobralik","12":"product_tag-kokajakk","13":"product_tag-puuvill","14":"product_tag-taaskasutus","16":"first","17":"instock","18":"shipping-taxable","19":"purchasable","20":"product-type-variable"},"_links":{"self":[{"href":"https:\/\/uus.kokariided.ee\/en\/wp-json\/wp\/v2\/product\/11713","targetHints":{"allow":["GET"]}}],"collection":[{"href":"https:\/\/uus.kokariided.ee\/en\/wp-json\/wp\/v2\/product"}],"about":[{"href":"https:\/\/uus.kokariided.ee\/en\/wp-json\/wp\/v2\/types\/product"}],"replies":[{"embeddable":true,"href":"https:\/\/uus.kokariided.ee\/en\/wp-json\/wp\/v2\/comments?post=11713"}],"wp:featuredmedia":[{"embeddable":true,"href":"https:\/\/uus.kokariided.ee\/en\/wp-json\/wp\/v2\/media\/11714"}],"wp:attachment":[{"href":"https:\/\/uus.kokariided.ee\/en\/wp-json\/wp\/v2\/media?parent=11713"}],"wp:term":[{"taxonomy":"product_cat","embeddable":true,"href":"https:\/\/uus.kokariided.ee\/en\/wp-json\/wp\/v2\/product_cat?post=11713"},{"taxonomy":"product_tag","embeddable":true,"href":"https:\/\/uus.kokariided.ee\/en\/wp-json\/wp\/v2\/product_tag?post=11713"}],"curies":[{"name":"wp","href":"https:\/\/api.w.org\/{rel}","templated":true}]}}