{"id":11728,"date":"2017-12-18T16:45:54","date_gmt":"2017-12-18T16:45:54","guid":{"rendered":"https:\/\/uus.kokariided.ee\/?product=meeste-kokajakk-emerald"},"modified":"2024-02-14T10:50:02","modified_gmt":"2024-02-14T10:50:02","slug":"meeste-kokajakk-emerald","status":"publish","type":"product","link":"https:\/\/uus.kokariided.ee\/en\/product\/meeste-kokajakk-emerald\/","title":{"rendered":"Meeste kokajakk EMERALD"},"content":{"rendered":"","protected":false},"excerpt":{"rendered":"<p>Jakk kokale, millel on<br \/>\n100% puuvill,\u00a0160 gr\/m2<br \/>\nBeau Rocher on Ch\u00f3vel Devant k\u00f5ige eksklusiivne kollektsioon. Seda iseloomustab k\u00f5rgekvaliteetne keermestatud puuvill.\u00a0<\/p>","protected":false},"featured_media":11729,"comment_status":"open","ping_status":"closed","template":"","meta":[],"product_cat":[110,104,789],"product_tag":[],"class_list":{"0":"post-11728","1":"product","2":"type-product","3":"status-publish","4":"has-post-thumbnail","6":"product_brand-chaud-devant","7":"product_cat-kokajakid","8":"product_cat-kokariided","9":"product_cat-meeste-unisex-kokajakid","11":"first","12":"instock","13":"shipping-taxable","14":"purchasable","15":"product-type-variable"},"_links":{"self":[{"href":"https:\/\/uus.kokariided.ee\/en\/wp-json\/wp\/v2\/product\/11728","targetHints":{"allow":["GET"]}}],"collection":[{"href":"https:\/\/uus.kokariided.ee\/en\/wp-json\/wp\/v2\/product"}],"about":[{"href":"https:\/\/uus.kokariided.ee\/en\/wp-json\/wp\/v2\/types\/product"}],"replies":[{"embeddable":true,"href":"https:\/\/uus.kokariided.ee\/en\/wp-json\/wp\/v2\/comments?post=11728"}],"wp:featuredmedia":[{"embeddable":true,"href":"https:\/\/uus.kokariided.ee\/en\/wp-json\/wp\/v2\/media\/11729"}],"wp:attachment":[{"href":"https:\/\/uus.kokariided.ee\/en\/wp-json\/wp\/v2\/media?parent=11728"}],"wp:term":[{"taxonomy":"product_cat","embeddable":true,"href":"https:\/\/uus.kokariided.ee\/en\/wp-json\/wp\/v2\/product_cat?post=11728"},{"taxonomy":"product_tag","embeddable":true,"href":"https:\/\/uus.kokariided.ee\/en\/wp-json\/wp\/v2\/product_tag?post=11728"}],"curies":[{"name":"wp","href":"https:\/\/api.w.org\/{rel}","templated":true}]}}