{"id":11753,"date":"2017-12-19T12:18:47","date_gmt":"2017-12-19T12:18:47","guid":{"rendered":"https:\/\/uus.kokariided.ee\/?product=naiste-kokajakk-1755944584"},"modified":"2023-02-07T14:55:27","modified_gmt":"2023-02-07T14:55:27","slug":"naiste-kokajakk-1755944584","status":"publish","type":"product","link":"https:\/\/uus.kokariided.ee\/en\/product\/naiste-kokajakk-1755944584\/","title":{"rendered":"Naiste kokajakk"},"content":{"rendered":"","protected":false},"excerpt":{"rendered":"<p>Jakk kokale, mis on triiks\u00e4rgi kraega ning kitsa l\u00f5ikega. P\u00e4rlmuttern\u00f6\u00f6bid, V-kaelus, varruka tasku, kaenla all ventavad, pakendatud karpi. Tagak\u00fcljel printsessi\u00f5mblused.<br \/>\nSuurused 34-44<\/p>","protected":false},"featured_media":11754,"comment_status":"open","ping_status":"closed","template":"","meta":[],"product_cat":[110,104,790],"product_tag":[],"class_list":{"0":"post-11753","1":"product","2":"type-product","3":"status-publish","4":"has-post-thumbnail","6":"product_brand-greiff","7":"product_cat-kokajakid","8":"product_cat-kokariided","9":"product_cat-naiste-kokajakid","11":"first","12":"instock","13":"shipping-taxable","14":"purchasable","15":"product-type-variable"},"_links":{"self":[{"href":"https:\/\/uus.kokariided.ee\/en\/wp-json\/wp\/v2\/product\/11753","targetHints":{"allow":["GET"]}}],"collection":[{"href":"https:\/\/uus.kokariided.ee\/en\/wp-json\/wp\/v2\/product"}],"about":[{"href":"https:\/\/uus.kokariided.ee\/en\/wp-json\/wp\/v2\/types\/product"}],"replies":[{"embeddable":true,"href":"https:\/\/uus.kokariided.ee\/en\/wp-json\/wp\/v2\/comments?post=11753"}],"wp:featuredmedia":[{"embeddable":true,"href":"https:\/\/uus.kokariided.ee\/en\/wp-json\/wp\/v2\/media\/11754"}],"wp:attachment":[{"href":"https:\/\/uus.kokariided.ee\/en\/wp-json\/wp\/v2\/media?parent=11753"}],"wp:term":[{"taxonomy":"product_cat","embeddable":true,"href":"https:\/\/uus.kokariided.ee\/en\/wp-json\/wp\/v2\/product_cat?post=11753"},{"taxonomy":"product_tag","embeddable":true,"href":"https:\/\/uus.kokariided.ee\/en\/wp-json\/wp\/v2\/product_tag?post=11753"}],"curies":[{"name":"wp","href":"https:\/\/api.w.org\/{rel}","templated":true}]}}