{"id":11771,"date":"2017-12-21T15:45:14","date_gmt":"2017-12-21T15:45:14","guid":{"rendered":"https:\/\/uus.kokariided.ee\/?product=naiste-viigipueksid-1755944596"},"modified":"2024-02-12T15:25:51","modified_gmt":"2024-02-12T15:25:51","slug":"naiste-viigipueksid-1755944596","status":"publish","type":"product","link":"https:\/\/uus.kokariided.ee\/en\/product\/naiste-viigipueksid-1755944596\/","title":{"rendered":"Naiste viigip\u00fcksid"},"content":{"rendered":"","protected":false},"excerpt":{"rendered":"<p>Madal\u00a0v\u00e4rvel,\u00a0sirge s\u00e4\u00e4rega, 2 n\u00f6\u00f6biga,\u00a0<br \/>\npahkluu laius 42 cm\/suurusel 38, jalg 82cm, masinpestav<br \/>\n100% pol\u00fcester<br \/>\nVAATA VIDEOT!\u00a0&#8211; kuidas hooldada<\/p>","protected":false},"featured_media":11772,"comment_status":"open","ping_status":"closed","template":"","meta":[],"product_cat":[794,145],"product_tag":[],"class_list":{"0":"post-11771","1":"product","2":"type-product","3":"status-publish","4":"has-post-thumbnail","6":"product_brand-greiff","7":"product_cat-pueksid1756115223","8":"product_cat-teenindusriided","10":"first","11":"instock","12":"shipping-taxable","13":"purchasable","14":"product-type-variable"},"_links":{"self":[{"href":"https:\/\/uus.kokariided.ee\/en\/wp-json\/wp\/v2\/product\/11771","targetHints":{"allow":["GET"]}}],"collection":[{"href":"https:\/\/uus.kokariided.ee\/en\/wp-json\/wp\/v2\/product"}],"about":[{"href":"https:\/\/uus.kokariided.ee\/en\/wp-json\/wp\/v2\/types\/product"}],"replies":[{"embeddable":true,"href":"https:\/\/uus.kokariided.ee\/en\/wp-json\/wp\/v2\/comments?post=11771"}],"wp:featuredmedia":[{"embeddable":true,"href":"https:\/\/uus.kokariided.ee\/en\/wp-json\/wp\/v2\/media\/11772"}],"wp:attachment":[{"href":"https:\/\/uus.kokariided.ee\/en\/wp-json\/wp\/v2\/media?parent=11771"}],"wp:term":[{"taxonomy":"product_cat","embeddable":true,"href":"https:\/\/uus.kokariided.ee\/en\/wp-json\/wp\/v2\/product_cat?post=11771"},{"taxonomy":"product_tag","embeddable":true,"href":"https:\/\/uus.kokariided.ee\/en\/wp-json\/wp\/v2\/product_tag?post=11771"}],"curies":[{"name":"wp","href":"https:\/\/api.w.org\/{rel}","templated":true}]}}