{"id":11783,"date":"2017-12-21T15:53:09","date_gmt":"2017-12-21T15:53:09","guid":{"rendered":"https:\/\/uus.kokariided.ee\/?product=naiste-viigipueksid-1755944603"},"modified":"2024-05-13T12:39:58","modified_gmt":"2024-05-13T12:39:58","slug":"naiste-viigipueksid-1755944603","status":"publish","type":"product","link":"https:\/\/uus.kokariided.ee\/en\/product\/naiste-viigipueksid-1755944603\/","title":{"rendered":"Naiste viigip\u00fcksid"},"content":{"rendered":"","protected":false},"excerpt":{"rendered":"<p>Madal\u00a0v\u00e4rvel,\u00a0sirge s\u00e4\u00e4rega, 2 n\u00f6\u00f6biga,\u00a0<br \/>\npahkluu laius 42 cm\/suurusel 38, jalg 82cm, masinpestav<br \/>\n100% pol\u00fcester<br \/>\nVAATA VIDEOT!\u00a0&#8211; kuidas hooldada<\/p>","protected":false},"featured_media":11784,"comment_status":"open","ping_status":"closed","template":"","meta":[],"product_cat":[106],"product_tag":[],"class_list":{"0":"post-11783","1":"product","2":"type-product","3":"status-publish","4":"has-post-thumbnail","6":"product_brand-greiff","7":"product_cat-soodusmueuek","9":"first","10":"instock","11":"shipping-taxable","12":"purchasable","13":"product-type-variable"},"_links":{"self":[{"href":"https:\/\/uus.kokariided.ee\/en\/wp-json\/wp\/v2\/product\/11783","targetHints":{"allow":["GET"]}}],"collection":[{"href":"https:\/\/uus.kokariided.ee\/en\/wp-json\/wp\/v2\/product"}],"about":[{"href":"https:\/\/uus.kokariided.ee\/en\/wp-json\/wp\/v2\/types\/product"}],"replies":[{"embeddable":true,"href":"https:\/\/uus.kokariided.ee\/en\/wp-json\/wp\/v2\/comments?post=11783"}],"wp:featuredmedia":[{"embeddable":true,"href":"https:\/\/uus.kokariided.ee\/en\/wp-json\/wp\/v2\/media\/11784"}],"wp:attachment":[{"href":"https:\/\/uus.kokariided.ee\/en\/wp-json\/wp\/v2\/media?parent=11783"}],"wp:term":[{"taxonomy":"product_cat","embeddable":true,"href":"https:\/\/uus.kokariided.ee\/en\/wp-json\/wp\/v2\/product_cat?post=11783"},{"taxonomy":"product_tag","embeddable":true,"href":"https:\/\/uus.kokariided.ee\/en\/wp-json\/wp\/v2\/product_tag?post=11783"}],"curies":[{"name":"wp","href":"https:\/\/api.w.org\/{rel}","templated":true}]}}