{"id":11800,"date":"2017-12-27T16:26:54","date_gmt":"2017-12-27T16:26:54","guid":{"rendered":"https:\/\/uus.kokariided.ee\/?product=meeste-pintsak-1755944615"},"modified":"2024-05-15T13:04:36","modified_gmt":"2024-05-15T13:04:36","slug":"meeste-pintsak-1755944615","status":"publish","type":"product","link":"https:\/\/uus.kokariided.ee\/en\/product\/meeste-pintsak-1755944615\/","title":{"rendered":"Meeste pintsak"},"content":{"rendered":"<\/p>","protected":false},"excerpt":{"rendered":"<p>\u00dche n\u00f6\u00f6bireaga, 3 n\u00f6\u00f6biga, 1 rinnatasku tasku, 2 klapptaskut, t\u00e4ielik vooder, pestav<\/p>\n<p>Polyester<\/p>\n<p>\u00a0\u00a0\u00a0<\/p>\n<p>100%<\/p>\n<p>\u00a0\u00a0<\/p>\n<p>VAATA VIDEOT!\u00a0&#8211; kuidas hooldada<\/p>","protected":false},"featured_media":11801,"comment_status":"open","ping_status":"closed","template":"","meta":[],"product_cat":[734,145],"product_tag":[],"class_list":{"0":"post-11800","1":"product","2":"type-product","3":"status-publish","4":"has-post-thumbnail","6":"product_brand-greiff","7":"product_cat-pintsakud","8":"product_cat-teenindusriided","10":"first","11":"instock","12":"shipping-taxable","13":"purchasable","14":"product-type-variable"},"_links":{"self":[{"href":"https:\/\/uus.kokariided.ee\/en\/wp-json\/wp\/v2\/product\/11800","targetHints":{"allow":["GET"]}}],"collection":[{"href":"https:\/\/uus.kokariided.ee\/en\/wp-json\/wp\/v2\/product"}],"about":[{"href":"https:\/\/uus.kokariided.ee\/en\/wp-json\/wp\/v2\/types\/product"}],"replies":[{"embeddable":true,"href":"https:\/\/uus.kokariided.ee\/en\/wp-json\/wp\/v2\/comments?post=11800"}],"wp:featuredmedia":[{"embeddable":true,"href":"https:\/\/uus.kokariided.ee\/en\/wp-json\/wp\/v2\/media\/11801"}],"wp:attachment":[{"href":"https:\/\/uus.kokariided.ee\/en\/wp-json\/wp\/v2\/media?parent=11800"}],"wp:term":[{"taxonomy":"product_cat","embeddable":true,"href":"https:\/\/uus.kokariided.ee\/en\/wp-json\/wp\/v2\/product_cat?post=11800"},{"taxonomy":"product_tag","embeddable":true,"href":"https:\/\/uus.kokariided.ee\/en\/wp-json\/wp\/v2\/product_tag?post=11800"}],"curies":[{"name":"wp","href":"https:\/\/api.w.org\/{rel}","templated":true}]}}