{"id":11821,"date":"2018-01-03T15:30:28","date_gmt":"2018-01-03T15:30:28","guid":{"rendered":"https:\/\/uus.kokariided.ee\/?product=kokkuklapitav-uemmargune-laud"},"modified":"2018-02-09T13:19:19","modified_gmt":"2018-02-09T13:19:19","slug":"kokkuklapitav-uemmargune-laud","status":"publish","type":"product","link":"https:\/\/uus.kokariided.ee\/en\/product\/kokkuklapitav-uemmargune-laud\/","title":{"rendered":"Kokkuklapitav \u00fcmmargune laud"},"content":{"rendered":"<p><span>Laudade kaalud:<\/span><\/p>\n<ul>\n<li>\u00d8122 cm &#8211; 23 kg<\/li>\n<li>\u00d8152 cm &#8211; 35 kg<\/li>\n<li>\u00d8182 cm &#8211; 42 kg<\/li>\n<\/ul>\n<p>NB! Valikus on ka kandiline variant, lisaks saab tellida ratastel kandek\u00e4ru nii laudadele kui ka toolidele.\u00a0<\/p>\n<h2><\/h2>","protected":false},"excerpt":{"rendered":"<p>Puidust plaadiga kokkuklapitav laud, pvc \u00e4\u00e4rega.<br \/>\nLauda saab kergesti kokku klappida ja avada ilma liigse j\u00f5uta t\u00e4nu iselukustavale s\u00fcsteemile.<br \/>\n\u2022 Lauajalad on varustatud reguleeritavate otstega.<br \/>\n\u2022 Raamid ja lauaplaate on saadaval eraldi.\u00a0<br \/>\n* V\u00f5imalik lisaks tellida lauaseelikud ja laudlinad<br \/>\nHinnad sisaldavad k\u00e4ibemaksu!<\/p>","protected":false},"featured_media":11822,"comment_status":"open","ping_status":"closed","template":"","meta":[],"product_cat":[724,722,155],"product_tag":[],"class_list":{"0":"post-11821","1":"product","2":"type-product","3":"status-publish","4":"has-post-thumbnail","6":"product_cat-kokkuklapitavad-lauad","7":"product_cat-moeoebel","8":"product_cat-sisustustooted","10":"first","11":"instock","12":"shipping-taxable","13":"purchasable","14":"product-type-variable"},"_links":{"self":[{"href":"https:\/\/uus.kokariided.ee\/en\/wp-json\/wp\/v2\/product\/11821","targetHints":{"allow":["GET"]}}],"collection":[{"href":"https:\/\/uus.kokariided.ee\/en\/wp-json\/wp\/v2\/product"}],"about":[{"href":"https:\/\/uus.kokariided.ee\/en\/wp-json\/wp\/v2\/types\/product"}],"replies":[{"embeddable":true,"href":"https:\/\/uus.kokariided.ee\/en\/wp-json\/wp\/v2\/comments?post=11821"}],"wp:featuredmedia":[{"embeddable":true,"href":"https:\/\/uus.kokariided.ee\/en\/wp-json\/wp\/v2\/media\/11822"}],"wp:attachment":[{"href":"https:\/\/uus.kokariided.ee\/en\/wp-json\/wp\/v2\/media?parent=11821"}],"wp:term":[{"taxonomy":"product_cat","embeddable":true,"href":"https:\/\/uus.kokariided.ee\/en\/wp-json\/wp\/v2\/product_cat?post=11821"},{"taxonomy":"product_tag","embeddable":true,"href":"https:\/\/uus.kokariided.ee\/en\/wp-json\/wp\/v2\/product_tag?post=11821"}],"curies":[{"name":"wp","href":"https:\/\/api.w.org\/{rel}","templated":true}]}}