{"id":11962,"date":"2018-01-05T15:13:57","date_gmt":"2018-01-05T15:13:57","guid":{"rendered":"https:\/\/uus.kokariided.ee\/?product=puestiseisulaua-pealiskate-samba-1755944751"},"modified":"2018-01-05T16:56:49","modified_gmt":"2018-01-05T16:56:49","slug":"puestiseisulaua-pealiskate-samba-1755944751","status":"publish","type":"product","link":"https:\/\/uus.kokariided.ee\/en\/product\/puestiseisulaua-pealiskate-samba-1755944751\/","title":{"rendered":"P\u00fcstiseisulaua pealiskate Festival"},"content":{"rendered":"<p><strong>Pesemisjuhised<\/strong><\/p>\n<p>Madal trummelkuivatus, j\u00e4tke niiskeks.<\/p>\n<p>Valgete kangaste puhul kasutage puhastusvahendeid ainult vajaduse korral.<br \/>V\u00e4rvide puhul \u00e4rge kasutage valgendajat.<br \/>Pese alati tumedad v\u00e4rvid eraldi (40 \u00b0 C).<\/p>","protected":false},"excerpt":{"rendered":"<p>P\u00fcstiseisulaua kate, stretsh.Materjal: 80% nailon, 20% elast\u00e4\u00e4nM\u00f5\u00f5dud:<br \/>\n\u00d8 70cm<br \/>\n\u00d8 80-85cm<br \/>\nSobib laudadele:Hinnad sisaldavad k\u00e4ibemaksu!<\/p>","protected":false},"featured_media":11963,"comment_status":"open","ping_status":"closed","template":"","meta":[],"product_cat":[155,730,731],"product_tag":[],"class_list":{"0":"post-11962","1":"product","2":"type-product","3":"status-publish","4":"has-post-thumbnail","6":"product_cat-sisustustooted","7":"product_cat-stretshkatted","8":"product_cat-stretshkatted-puestiseisulaudadele","10":"first","11":"instock","12":"shipping-taxable","13":"purchasable","14":"product-type-variable"},"_links":{"self":[{"href":"https:\/\/uus.kokariided.ee\/en\/wp-json\/wp\/v2\/product\/11962","targetHints":{"allow":["GET"]}}],"collection":[{"href":"https:\/\/uus.kokariided.ee\/en\/wp-json\/wp\/v2\/product"}],"about":[{"href":"https:\/\/uus.kokariided.ee\/en\/wp-json\/wp\/v2\/types\/product"}],"replies":[{"embeddable":true,"href":"https:\/\/uus.kokariided.ee\/en\/wp-json\/wp\/v2\/comments?post=11962"}],"wp:featuredmedia":[{"embeddable":true,"href":"https:\/\/uus.kokariided.ee\/en\/wp-json\/wp\/v2\/media\/11963"}],"wp:attachment":[{"href":"https:\/\/uus.kokariided.ee\/en\/wp-json\/wp\/v2\/media?parent=11962"}],"wp:term":[{"taxonomy":"product_cat","embeddable":true,"href":"https:\/\/uus.kokariided.ee\/en\/wp-json\/wp\/v2\/product_cat?post=11962"},{"taxonomy":"product_tag","embeddable":true,"href":"https:\/\/uus.kokariided.ee\/en\/wp-json\/wp\/v2\/product_tag?post=11962"}],"curies":[{"name":"wp","href":"https:\/\/api.w.org\/{rel}","templated":true}]}}