{"id":12070,"date":"2018-01-05T16:24:00","date_gmt":"2018-01-05T16:24:00","guid":{"rendered":"https:\/\/uus.kokariided.ee\/?product=puestiseisulaua-pealiskate-samba-1755944851"},"modified":"2018-01-05T17:05:03","modified_gmt":"2018-01-05T17:05:03","slug":"puestiseisulaua-pealiskate-samba-1755944851","status":"publish","type":"product","link":"https:\/\/uus.kokariided.ee\/en\/product\/puestiseisulaua-pealiskate-samba-1755944851\/","title":{"rendered":"P\u00fcstiseisulaua pealiskate Rumba"},"content":{"rendered":"<p><strong>Pesemisjuhised<\/strong><\/p>\n<p>Madal trummelkuivatus, j\u00e4tke niiskeks.<\/p>\n<p>Valgete kangaste puhul kasutage puhastusvahendeid ainult vajaduse korral.<br \/>V\u00e4rvide puhul \u00e4rge kasutage valgendajat.<br \/>Pese alati tumedad v\u00e4rvid eraldi (40 \u00b0 C).<\/p>","protected":false},"excerpt":{"rendered":"<p>P\u00fcstiseisulaua pealiskate, stretsh.Materjal: 90% pol\u00fcester, 10% elast\u00e4\u00e4nM\u00f5\u00f5dud:<br \/>\n80&#215;80 cm<br \/>\nSobib laudadele:<br \/>\nHinnad sisaldavad k\u00e4ibemaksu!<\/p>","protected":false},"featured_media":12071,"comment_status":"open","ping_status":"closed","template":"","meta":[],"product_cat":[155,730,731],"product_tag":[],"class_list":{"0":"post-12070","1":"product","2":"type-product","3":"status-publish","4":"has-post-thumbnail","6":"product_cat-sisustustooted","7":"product_cat-stretshkatted","8":"product_cat-stretshkatted-puestiseisulaudadele","10":"first","11":"instock","12":"shipping-taxable","13":"purchasable","14":"product-type-variable"},"_links":{"self":[{"href":"https:\/\/uus.kokariided.ee\/en\/wp-json\/wp\/v2\/product\/12070","targetHints":{"allow":["GET"]}}],"collection":[{"href":"https:\/\/uus.kokariided.ee\/en\/wp-json\/wp\/v2\/product"}],"about":[{"href":"https:\/\/uus.kokariided.ee\/en\/wp-json\/wp\/v2\/types\/product"}],"replies":[{"embeddable":true,"href":"https:\/\/uus.kokariided.ee\/en\/wp-json\/wp\/v2\/comments?post=12070"}],"wp:featuredmedia":[{"embeddable":true,"href":"https:\/\/uus.kokariided.ee\/en\/wp-json\/wp\/v2\/media\/12071"}],"wp:attachment":[{"href":"https:\/\/uus.kokariided.ee\/en\/wp-json\/wp\/v2\/media?parent=12070"}],"wp:term":[{"taxonomy":"product_cat","embeddable":true,"href":"https:\/\/uus.kokariided.ee\/en\/wp-json\/wp\/v2\/product_cat?post=12070"},{"taxonomy":"product_tag","embeddable":true,"href":"https:\/\/uus.kokariided.ee\/en\/wp-json\/wp\/v2\/product_tag?post=12070"}],"curies":[{"name":"wp","href":"https:\/\/api.w.org\/{rel}","templated":true}]}}