{"id":12099,"date":"2018-01-25T14:17:16","date_gmt":"2018-01-25T14:17:16","guid":{"rendered":"https:\/\/uus.kokariided.ee\/?product=klapiga-poll-forene-blue-denim-w70-l90"},"modified":"2024-11-15T14:52:39","modified_gmt":"2024-11-15T14:52:39","slug":"klapiga-poll-forene-blue-denim-w70-l90","status":"publish","type":"product","link":"https:\/\/uus.kokariided.ee\/en\/product\/klapiga-poll-forene-blue-denim-w70-l90\/","title":{"rendered":"P\u00f5ll FORENE BLUE DENIM W70-L90"},"content":{"rendered":"<p class=\"tw-data-text tw-ta tw-text-small\" id=\"tw-target-text\" dir=\"ltr\"><span lang=\"et\" xml:lang=\"et\">Hooldusjuhised: nahast rihmad pole valmistatud t\u00f6\u00f6stuslikuks puhastamiseks. Neid saab puhastada niiske lapiga eraldi. <br \/>Materjali puhastamiseks v\u00f5ib kasutada ka neutraalset seepi, n\u00e4iteks rohelist seepi. Kaelatagust rihma saab eraldi pesta 30 \u00b0 C juures. Eemaldatav kinnitus 3 taskut <\/span><\/p>\n<p class=\"tw-data-text tw-ta tw-text-small\" dir=\"ltr\"><span lang=\"et\" xml:lang=\"et\">Peamine kangas: 100% puuvill <\/span><\/p>\n<p class=\"tw-data-text tw-ta tw-text-small\" dir=\"ltr\"><span lang=\"et\" xml:lang=\"et\">Eemaldatavad rihmad \/ paelad: 70% lehmanahk \/ 30% Pol\u00fcester <\/span><\/p>\n<p class=\"tw-data-text tw-ta tw-text-small\" dir=\"ltr\"><span lang=\"et\" xml:lang=\"et\">Extra kangas: 100% Pol\u00fcester <\/span><\/p>\n<p class=\"tw-data-text tw-ta tw-text-small\" dir=\"ltr\"><span lang=\"et\" xml:lang=\"et\">365 gr \/ m2<\/span><\/p><\/p>","protected":false},"excerpt":{"rendered":"<p>Forene p\u00f5ll on inspireeritud Skandinaaviamaade stiilist.See atraktiivne p\u00f5ll v\u00f5imaldab teil luua minimalistliku v\u00e4limuse.Mis muudab Forene p\u00f5lled nii ainulaadseks, on teksa ja nahast v\u00f6\u00f6 kombinatsioon. Rihm on kergesti reguleeritav ja saab pesemise ajaks eemaldada.<br \/>\nHooldusjuhised leiate\u00a0rohkem infot\u00a0alt.<br \/>\n\u00a0<\/p>","protected":false},"featured_media":12100,"comment_status":"open","ping_status":"closed","template":"","meta":[],"product_cat":[104,112,146,145],"product_tag":[],"class_list":{"0":"post-12099","1":"product","2":"type-product","3":"status-publish","4":"has-post-thumbnail","6":"product_brand-chaud-devant","7":"product_cat-kokariided","8":"product_cat-polled","9":"product_cat-polled1755886053","10":"product_cat-teenindusriided","12":"first","13":"instock","14":"shipping-taxable","15":"purchasable","16":"product-type-simple"},"_links":{"self":[{"href":"https:\/\/uus.kokariided.ee\/en\/wp-json\/wp\/v2\/product\/12099","targetHints":{"allow":["GET"]}}],"collection":[{"href":"https:\/\/uus.kokariided.ee\/en\/wp-json\/wp\/v2\/product"}],"about":[{"href":"https:\/\/uus.kokariided.ee\/en\/wp-json\/wp\/v2\/types\/product"}],"replies":[{"embeddable":true,"href":"https:\/\/uus.kokariided.ee\/en\/wp-json\/wp\/v2\/comments?post=12099"}],"wp:featuredmedia":[{"embeddable":true,"href":"https:\/\/uus.kokariided.ee\/en\/wp-json\/wp\/v2\/media\/12100"}],"wp:attachment":[{"href":"https:\/\/uus.kokariided.ee\/en\/wp-json\/wp\/v2\/media?parent=12099"}],"wp:term":[{"taxonomy":"product_cat","embeddable":true,"href":"https:\/\/uus.kokariided.ee\/en\/wp-json\/wp\/v2\/product_cat?post=12099"},{"taxonomy":"product_tag","embeddable":true,"href":"https:\/\/uus.kokariided.ee\/en\/wp-json\/wp\/v2\/product_tag?post=12099"}],"curies":[{"name":"wp","href":"https:\/\/api.w.org\/{rel}","templated":true}]}}