{"id":12131,"date":"2018-01-25T15:17:28","date_gmt":"2018-01-25T15:17:28","guid":{"rendered":"https:\/\/uus.kokariided.ee\/?product=naiste-pluus-stone-stretch"},"modified":"2022-11-14T16:20:29","modified_gmt":"2022-11-14T16:20:29","slug":"naiste-pluus-stone-stretch","status":"publish","type":"product","link":"https:\/\/uus.kokariided.ee\/en\/product\/naiste-pluus-stone-stretch\/","title":{"rendered":"Naiste pluus STONE STRETCH"},"content":{"rendered":"<p class=\"tw-data-text tw-ta tw-text-small\" id=\"tw-target-text\" dir=\"ltr\">Kehasse t\u00f6\u00f6deldud, n\u00f6\u00f6pidega, stretsh, 3\/4 varrukad<\/p>\n<p class=\"tw-data-text tw-ta tw-text-small\" dir=\"ltr\">48% puuvill\u00a0<\/p>\n<p class=\"tw-data-text tw-ta tw-text-small\" dir=\"ltr\">48% Polyester\u00a0<\/p>\n<p class=\"tw-data-text tw-ta tw-text-small\" dir=\"ltr\">4% Elastolefiin XLA\u00ae\u00a0<\/p>\n<p class=\"tw-data-text tw-ta tw-text-small\" dir=\"ltr\">140 gr \/ m2<\/p>","protected":false},"excerpt":{"rendered":"<p>See naiste s\u00e4rk on kehasse t\u00f6\u00f6deldud ja\u00a0 stiilne disain. Stretch kangas, 3\/4 varrukatega, mida saab ka t\u00f6\u00f6stuslikult puhastada,\u00a0muudab s\u00e4rgi \u00e4\u00e4rmiselt mugavaks ja sobib ideaalselt teenindajatele. See on \u00f5huke kangas,\u00a0suured n\u00f6\u00f6bid\u00a0ja helepruun v\u00e4rv, mis muudab Stone Stretch&#8217;i erip\u00e4ra.<br \/>\nKehasse t\u00f6\u00f6deldud, n\u00f6\u00f6pidega, stretsh, 3\/4 varrukad<\/p>","protected":false},"featured_media":12132,"comment_status":"open","ping_status":"closed","template":"","meta":[],"product_cat":[756,753,145],"product_tag":[],"class_list":{"0":"post-12131","1":"product","2":"type-product","3":"status-publish","4":"has-post-thumbnail","6":"product_brand-chaud-devant","7":"product_cat-naiste-pluusidsaergid","8":"product_cat-saergid-ja-pluusid","9":"product_cat-teenindusriided","11":"first","12":"instock","13":"shipping-taxable","14":"purchasable","15":"product-type-variable"},"_links":{"self":[{"href":"https:\/\/uus.kokariided.ee\/en\/wp-json\/wp\/v2\/product\/12131","targetHints":{"allow":["GET"]}}],"collection":[{"href":"https:\/\/uus.kokariided.ee\/en\/wp-json\/wp\/v2\/product"}],"about":[{"href":"https:\/\/uus.kokariided.ee\/en\/wp-json\/wp\/v2\/types\/product"}],"replies":[{"embeddable":true,"href":"https:\/\/uus.kokariided.ee\/en\/wp-json\/wp\/v2\/comments?post=12131"}],"wp:featuredmedia":[{"embeddable":true,"href":"https:\/\/uus.kokariided.ee\/en\/wp-json\/wp\/v2\/media\/12132"}],"wp:attachment":[{"href":"https:\/\/uus.kokariided.ee\/en\/wp-json\/wp\/v2\/media?parent=12131"}],"wp:term":[{"taxonomy":"product_cat","embeddable":true,"href":"https:\/\/uus.kokariided.ee\/en\/wp-json\/wp\/v2\/product_cat?post=12131"},{"taxonomy":"product_tag","embeddable":true,"href":"https:\/\/uus.kokariided.ee\/en\/wp-json\/wp\/v2\/product_tag?post=12131"}],"curies":[{"name":"wp","href":"https:\/\/api.w.org\/{rel}","templated":true}]}}