{"id":12141,"date":"2018-01-29T10:36:12","date_gmt":"2018-01-29T10:36:12","guid":{"rendered":"https:\/\/uus.kokariided.ee\/?product=naiste-tuunika-mirka"},"modified":"2021-03-26T11:16:54","modified_gmt":"2021-03-26T11:16:54","slug":"naiste-tuunika-mirka","status":"publish","type":"product","link":"https:\/\/uus.kokariided.ee\/en\/product\/naiste-tuunika-mirka\/","title":{"rendered":"Naiste tuunika Mirka"},"content":{"rendered":"<p class=\"tw-data-text tw-ta tw-text-small\" id=\"tw-target-text\" dir=\"ltr\">Peidetud trukid,\u00a02 taskut,\u00a0rinnatasku.<\/p>\n<p><em><span>Tencel ehk Lyocell\u00a0<\/span><\/em><span>\u2013 suhteliselt uus materjal, mida valmistatakse keemiliselt t\u00f6\u00f6deldud ja valgendatud puidumassist v\u00f5i ka taaskasutatud paberist.<\/span><\/p>\n<p class=\"tw-data-text tw-ta tw-text-small\" dir=\"ltr\"><em>Tencel ehk Lyocell &#8211;<\/em>\u00a0Tehiskiudaine, mida saadakse keskkonda s\u00e4\u00e4stvamal meetodil (nt. viskoosi tootmine p\u00f5hjustab keskkonnale suurt reostust). Lyocell on puuvillast tugevam. Imab h\u00e4sti niiskust ja on hingav materjal. Niiskes olekus on ta kolm korda tugevam kui viskoos, kokkut\u00f5mbuvus nii koe- kui l\u00f5ime suunas on 2%. Ei esine pillingut. Negatiivseks k\u00fcljeks on pikk ja kallis tootmisprotsess. Lyocellkiust r\u00f5ivakanga kaubam\u00e4rk on Tencel.<\/p>","protected":false},"excerpt":{"rendered":"<p>Naiste tuunika, sobib iluteeninduse- ja meditsiinit\u00f6\u00f6tajatele. Tencel kangas.<br \/>\nTencel on looduslik kiud, mis juhib h\u00e4sti niiskust ning tagab keha jaheduse ja v\u00e4rske tunde.<br \/>\nSobib allergikutele.<br \/>\n50% tencel 50% pol\u00fcester, Slim Fit<\/p>","protected":false},"featured_media":12142,"comment_status":"open","ping_status":"closed","template":"","meta":[],"product_cat":[145,738],"product_tag":[],"class_list":{"0":"post-12141","1":"product","2":"type-product","3":"status-publish","4":"has-post-thumbnail","6":"product_brand-giblors","7":"product_cat-teenindusriided","8":"product_cat-tuunikad","10":"first","11":"instock","12":"shipping-taxable","13":"purchasable","14":"product-type-variable"},"_links":{"self":[{"href":"https:\/\/uus.kokariided.ee\/en\/wp-json\/wp\/v2\/product\/12141","targetHints":{"allow":["GET"]}}],"collection":[{"href":"https:\/\/uus.kokariided.ee\/en\/wp-json\/wp\/v2\/product"}],"about":[{"href":"https:\/\/uus.kokariided.ee\/en\/wp-json\/wp\/v2\/types\/product"}],"replies":[{"embeddable":true,"href":"https:\/\/uus.kokariided.ee\/en\/wp-json\/wp\/v2\/comments?post=12141"}],"wp:featuredmedia":[{"embeddable":true,"href":"https:\/\/uus.kokariided.ee\/en\/wp-json\/wp\/v2\/media\/12142"}],"wp:attachment":[{"href":"https:\/\/uus.kokariided.ee\/en\/wp-json\/wp\/v2\/media?parent=12141"}],"wp:term":[{"taxonomy":"product_cat","embeddable":true,"href":"https:\/\/uus.kokariided.ee\/en\/wp-json\/wp\/v2\/product_cat?post=12141"},{"taxonomy":"product_tag","embeddable":true,"href":"https:\/\/uus.kokariided.ee\/en\/wp-json\/wp\/v2\/product_tag?post=12141"}],"curies":[{"name":"wp","href":"https:\/\/api.w.org\/{rel}","templated":true}]}}