{"id":12161,"date":"2018-02-16T13:38:17","date_gmt":"2018-02-16T13:38:17","guid":{"rendered":"https:\/\/uus.kokariided.ee\/?product=ellipse-kingapuhastusmasin-kingitus"},"modified":"2021-10-11T14:50:21","modified_gmt":"2021-10-11T14:50:21","slug":"ellipse-kingapuhastusmasin-kingitus","status":"publish","type":"product","link":"https:\/\/uus.kokariided.ee\/en\/product\/ellipse-kingapuhastusmasin-kingitus\/","title":{"rendered":"Ellipse kingapuhastusmasin + kingitus"},"content":{"rendered":"<p>Alati abivalmis ja stiilne.<\/p>\n<p>\u2022 parim kvaliteet<\/p>\n<p>\u2022 pealmise osa v\u00f5ib eritellimusel katta ka kvaliteetse nahkviimistlusega.<\/p>\n<p>L\u00fcliti taimeriga<\/p>\n<p>Hobusej\u00f5hvist puhastushari<br \/>Puhastushari \u00f8 22 cm<br \/>2 poleerimisharja \u00f8 22 cm<\/p>\n<p>Korpus: roostevaba teras (V2A)<\/p>\n<p>M\u00f5\u00f5dud (\u00f8 x K): 44 cm x 127 cm<br \/>Kaal: 47 kg, 50 kg t\u00e4ismass<\/p>\n<p>Toide: 230 Volt<br \/>Mootor: 150 Watt \/ 700 R\/min<\/p>","protected":false},"excerpt":{"rendered":"<p>Stiiliteadlik\u00a0kingapuhastaja. Nurga all jooksva otsajoonega ja lihvitud roostevabast terasest \u00fcmmargune sammas kaunistab skulptuurina pikki koridore ning ruumikaid vastuv\u00f5tualasid ja fuajeid. Mudel s\u00e4ilitab alati oma stiilse hoiaku, olgu siis iseseisvalt, nurka v\u00f5i vastu seina paigutatuna.<br \/>\nKINGITUS!<br \/>\nKingituseks kingapuhastusmasinale kaasa kingakreem 1L.<\/p>","protected":false},"featured_media":12162,"comment_status":"open","ping_status":"closed","template":"","meta":[],"product_cat":[705,155],"product_tag":[],"class_list":{"0":"post-12161","1":"product","2":"type-product","3":"status-publish","4":"has-post-thumbnail","6":"product_cat-kingapuhastusmasinad-ja-vaha","7":"product_cat-sisustustooted","9":"first","10":"instock","11":"shipping-taxable","12":"purchasable","13":"product-type-variable"},"_links":{"self":[{"href":"https:\/\/uus.kokariided.ee\/en\/wp-json\/wp\/v2\/product\/12161","targetHints":{"allow":["GET"]}}],"collection":[{"href":"https:\/\/uus.kokariided.ee\/en\/wp-json\/wp\/v2\/product"}],"about":[{"href":"https:\/\/uus.kokariided.ee\/en\/wp-json\/wp\/v2\/types\/product"}],"replies":[{"embeddable":true,"href":"https:\/\/uus.kokariided.ee\/en\/wp-json\/wp\/v2\/comments?post=12161"}],"wp:featuredmedia":[{"embeddable":true,"href":"https:\/\/uus.kokariided.ee\/en\/wp-json\/wp\/v2\/media\/12162"}],"wp:attachment":[{"href":"https:\/\/uus.kokariided.ee\/en\/wp-json\/wp\/v2\/media?parent=12161"}],"wp:term":[{"taxonomy":"product_cat","embeddable":true,"href":"https:\/\/uus.kokariided.ee\/en\/wp-json\/wp\/v2\/product_cat?post=12161"},{"taxonomy":"product_tag","embeddable":true,"href":"https:\/\/uus.kokariided.ee\/en\/wp-json\/wp\/v2\/product_tag?post=12161"}],"curies":[{"name":"wp","href":"https:\/\/api.w.org\/{rel}","templated":true}]}}