{"id":12167,"date":"2018-02-16T13:57:14","date_gmt":"2018-02-16T13:57:14","guid":{"rendered":"https:\/\/uus.kokariided.ee\/?product=quadro-kingapuhastusmasin-kingitus"},"modified":"2021-10-11T14:50:38","modified_gmt":"2021-10-11T14:50:38","slug":"quadro-kingapuhastusmasin-kingitus","status":"publish","type":"product","link":"https:\/\/uus.kokariided.ee\/en\/product\/quadro-kingapuhastusmasin-kingitus\/","title":{"rendered":"Quadro kingapuhastusmasin + kingitus"},"content":{"rendered":"<p><span style=\"color:#000000;\">Viimistlus:<\/span>\u00a0<span style=\"color:#000000;\">roostevaba teras<\/span><\/p>\n<p><span style=\"color:#000000;\">M\u00f5\u00f5dud:\u00a0<\/span>38x34x127 cm<br \/><span style=\"color:#000000;\">Saadavus:\u00a0<\/span>2 l\u00e4ikeharjaga pluss dosaator 0,75l v\u00f5i kolme harjaga\u00a0<br \/><span style=\"color:#000000;\">Harjad:\u00a0<\/span>2 l\u00e4ikeharja ja\u00a01 puhastushari \u00a0<br \/>Harjaste m\u00f5\u00f5dud: \u00f8 22 cm x 8 cm<br \/><span style=\"color:#000000;\">Kaal:\u00a0<\/span>47 kg neto<br \/><span style=\"color:#000000;\">Vool:<\/span>\u00a0<span style=\"color:#000000;\">230V, 150 watt, 700 rpm<\/span><br \/><span style=\"color:#000000;\">Starter: s<\/span>ensor taimeriga<\/p>","protected":false},"excerpt":{"rendered":"<p>Kingapuhastusmasin Quadro<br \/>\nKaasaegne purist Kompaktne ristk\u00fcliku kuju n\u00e4itab tagasihoidlikkust. See pilgup\u00fc\u00fcdja on paeluv oma ajastu vaimu, vormi ja funktsionaalsusega.<br \/>\n\u2022 parim kvaliteet<br \/>\n\u2022 kvaliteetsest roostevabast terasest viimistlus<br \/>\nKINGITUS!<br \/>\nKingituseks kingapuhastusmasinale kaasa kingakreem 1L.<\/p>","protected":false},"featured_media":12168,"comment_status":"open","ping_status":"closed","template":"","meta":[],"product_cat":[705,155],"product_tag":[],"class_list":{"0":"post-12167","1":"product","2":"type-product","3":"status-publish","4":"has-post-thumbnail","6":"product_cat-kingapuhastusmasinad-ja-vaha","7":"product_cat-sisustustooted","9":"first","10":"instock","11":"shipping-taxable","12":"purchasable","13":"product-type-variable"},"_links":{"self":[{"href":"https:\/\/uus.kokariided.ee\/en\/wp-json\/wp\/v2\/product\/12167","targetHints":{"allow":["GET"]}}],"collection":[{"href":"https:\/\/uus.kokariided.ee\/en\/wp-json\/wp\/v2\/product"}],"about":[{"href":"https:\/\/uus.kokariided.ee\/en\/wp-json\/wp\/v2\/types\/product"}],"replies":[{"embeddable":true,"href":"https:\/\/uus.kokariided.ee\/en\/wp-json\/wp\/v2\/comments?post=12167"}],"wp:featuredmedia":[{"embeddable":true,"href":"https:\/\/uus.kokariided.ee\/en\/wp-json\/wp\/v2\/media\/12168"}],"wp:attachment":[{"href":"https:\/\/uus.kokariided.ee\/en\/wp-json\/wp\/v2\/media?parent=12167"}],"wp:term":[{"taxonomy":"product_cat","embeddable":true,"href":"https:\/\/uus.kokariided.ee\/en\/wp-json\/wp\/v2\/product_cat?post=12167"},{"taxonomy":"product_tag","embeddable":true,"href":"https:\/\/uus.kokariided.ee\/en\/wp-json\/wp\/v2\/product_tag?post=12167"}],"curies":[{"name":"wp","href":"https:\/\/api.w.org\/{rel}","templated":true}]}}