{"id":12171,"date":"2018-02-16T14:14:26","date_gmt":"2018-02-16T14:14:26","guid":{"rendered":"https:\/\/uus.kokariided.ee\/?product=poliswing-kingapuhastusmasin-kingitus"},"modified":"2018-03-13T11:36:34","modified_gmt":"2018-03-13T11:36:34","slug":"poliswing-kingapuhastusmasin-kingitus","status":"publish","type":"product","link":"https:\/\/uus.kokariided.ee\/en\/product\/poliswing-kingapuhastusmasin-kingitus\/","title":{"rendered":"PoliSwing kingapuhastusmasin + kingitus"},"content":{"rendered":"<p>Hoolikalt l\u00e4bim\u00f5eldud kingapoleerijat iseloomustavad lisaks s\u00e4ravale perforeeritud kattele ja matistatud terasele ka \u00fclim stabiilsus ning puudutusele meeldiv, piisavalt lai haardeala, mis aitab v\u00e4ltida k\u00e4ej\u00e4lgede j\u00e4tmist seinale. Meisterlikkus, millele saab loota.<\/p>\n<p>\u2022 rabav t\u00f6\u00f6stuslik disain<\/p>\n<p>\u2022 mugav ja lai siidise tundega k\u00e4epide<\/p>\n<\/p>\n<p>Tehnilised andmed:<\/p>\n<p class=\"tw-data-text tw-ta tw-text-small\" id=\"tw-target-text\" dir=\"ltr\"><span lang=\"et\" xml:lang=\"et\">M\u00f5\u00f5tmed: 40 cm x 57 cm x 91 cm<\/span><\/p>\n<p class=\"tw-data-text tw-ta tw-text-small\" dir=\"ltr\"><span lang=\"et\" xml:lang=\"et\">Korpus: roostevaba teras (V2A) <\/span><\/p>\n<p class=\"tw-data-text tw-ta tw-text-small\" dir=\"ltr\"><span lang=\"et\" xml:lang=\"et\">Kaal: 47 kg netomass, 50 kg bruto <\/span><\/p>\n<p class=\"tw-data-text tw-ta tw-text-small\" dir=\"ltr\"><span lang=\"et\" xml:lang=\"et\">Omadused:\u00a0<span>Hobusej\u00f5hvist puhastushari<\/span><\/span><\/p>\n<p class=\"tw-data-text tw-ta tw-text-small\" dir=\"ltr\"><span lang=\"et\" xml:lang=\"et\"><span>Puhastushari\u00a0<\/span>\u00a0\u00f8 22 cm 2 <\/span><\/p>\n<p class=\"tw-data-text tw-ta tw-text-small\" dir=\"ltr\"><span lang=\"et\" xml:lang=\"et\"><span>2 poleerimisharja<\/span>\u00a0\u00f8 22 cm <\/span><\/p>\n<p class=\"tw-data-text tw-ta tw-text-small\" dir=\"ltr\"><span lang=\"et\" xml:lang=\"et\">Poola dosaator 0,75 liitrit <\/span><\/p>\n<p class=\"tw-data-text tw-ta tw-text-small\" dir=\"ltr\"><span lang=\"et\" xml:lang=\"et\">Starter: sensor koos taimeriga <\/span><\/p>\n<p class=\"tw-data-text tw-ta tw-text-small\" dir=\"ltr\"><span lang=\"et\" xml:lang=\"et\">Toide: 230 V (110 V vabatahtlik)<\/span><\/p>\n<p class=\"tw-data-text tw-ta tw-text-small\" dir=\"ltr\"><span lang=\"et\" xml:lang=\"et\">Mootor: 150 W \/ 700 R \/ min<\/span><\/p><\/p>","protected":false},"excerpt":{"rendered":"<p>Silmapaistev kolleeg<br \/>\nOlgu tegu siis kontorihoone, tootmishalli, treeningstuudio v\u00f5i kaasaegsete eluruumidega &#8211; seadme t\u00f6\u00f6stuslik teraskonstruktsioon v\u00e4ljendab p\u00fchendumust parimale t\u00f6\u00f6kvaliteedile.<br \/>\nKINGITUS!<br \/>\nKingituseks kingapuhastusmasinale kaasa kingakreem 1L.<\/p>","protected":false},"featured_media":12172,"comment_status":"open","ping_status":"closed","template":"","meta":[],"product_cat":[705,155],"product_tag":[],"class_list":{"0":"post-12171","1":"product","2":"type-product","3":"status-publish","4":"has-post-thumbnail","6":"product_cat-kingapuhastusmasinad-ja-vaha","7":"product_cat-sisustustooted","9":"first","10":"instock","11":"shipping-taxable","12":"purchasable","13":"product-type-variable"},"_links":{"self":[{"href":"https:\/\/uus.kokariided.ee\/en\/wp-json\/wp\/v2\/product\/12171","targetHints":{"allow":["GET"]}}],"collection":[{"href":"https:\/\/uus.kokariided.ee\/en\/wp-json\/wp\/v2\/product"}],"about":[{"href":"https:\/\/uus.kokariided.ee\/en\/wp-json\/wp\/v2\/types\/product"}],"replies":[{"embeddable":true,"href":"https:\/\/uus.kokariided.ee\/en\/wp-json\/wp\/v2\/comments?post=12171"}],"wp:featuredmedia":[{"embeddable":true,"href":"https:\/\/uus.kokariided.ee\/en\/wp-json\/wp\/v2\/media\/12172"}],"wp:attachment":[{"href":"https:\/\/uus.kokariided.ee\/en\/wp-json\/wp\/v2\/media?parent=12171"}],"wp:term":[{"taxonomy":"product_cat","embeddable":true,"href":"https:\/\/uus.kokariided.ee\/en\/wp-json\/wp\/v2\/product_cat?post=12171"},{"taxonomy":"product_tag","embeddable":true,"href":"https:\/\/uus.kokariided.ee\/en\/wp-json\/wp\/v2\/product_tag?post=12171"}],"curies":[{"name":"wp","href":"https:\/\/api.w.org\/{rel}","templated":true}]}}