{"id":12175,"date":"2018-02-16T14:29:49","date_gmt":"2018-02-16T14:29:49","guid":{"rendered":"https:\/\/uus.kokariided.ee\/?product=polifix-2-kingapuhastusmasin-kingitus"},"modified":"2023-06-05T16:38:06","modified_gmt":"2023-06-05T16:38:06","slug":"polifix-2-kingapuhastusmasin-kingitus","status":"publish","type":"product","link":"https:\/\/uus.kokariided.ee\/en\/product\/polifix-2-kingapuhastusmasin-kingitus\/","title":{"rendered":"Polifix 2 kingapuhastusmasin + kingitus"},"content":{"rendered":"<p>Karismaatiline professionaal.\u00a0Selle erakordsust n\u00e4itab ka v\u00f5imalike pinnaviimistluste valik: k\u00f5rgl\u00e4ikega kroompind muudab v\u00f5imsa abimehe n\u00e4htamatuks, \u00fcmbrust peegeldavaks peegliks , samas kui 24- karaadisest kullast kate lisab sellele viimase luksusliku n\u00fcansi. Usalda t\u00f5elist staari.<\/p>\n<p><span style=\"color:#d0121a;\"><strong>NB!\u00a0kuld (24-karaadine ehtsast kullast kate) &#8211; K\u00dcSI PAKKUMIST!!!<\/strong><\/span><\/p>\n<p>Suurep\u00e4rane v\u00f5imekus:<\/p>\n<p>\u2022 juhtpaneeli ja plastikust nupuga, sh. k\u00e4ivitga<\/p>\n<p>\u2022jalasensori ja roostevabast terasest lookk\u00e4epidemega t\u00e4iendava stiilse puudutuse tarbeks<\/p>\n<p>Polifix 2 gold Polifix 2 kroomitud<\/p>\n<p>3-aastane garantii\u00a0<\/p>\n<p>Selle erakordsust n\u00e4itab ka v\u00f5imalike pinnaviimistluste valik: k\u00f5rgl\u00e4ikega kroompind muudab v\u00f5imsa abimehe n\u00e4htamatuks, \u00fcmbrust peegeldavaks peegliks , samas kui 24- karaadisest kullast kate lisab sellele viimase luksusliku n\u00fcansi. Usalda t\u00f5elist staari.<\/p>\n<\/p>\n<p class=\"tw-data-text tw-ta tw-text-small\" id=\"tw-target-text\" dir=\"ltr\"><span lang=\"et\" xml:lang=\"et\">M\u00f5\u00f5tmed: 56 cm x 31 cm x 94 cm\u00a0 <\/span><\/p>\n<p class=\"tw-data-text tw-ta tw-text-small\" dir=\"ltr\"><span lang=\"et\" xml:lang=\"et\">Korpus: roostevaba teras (V2A) \/ teras (kaetud) <\/span><\/p>\n<p class=\"tw-data-text tw-ta tw-text-small\" dir=\"ltr\"><span lang=\"et\" xml:lang=\"et\">Kaal: 25 kg netomass, 27 kg bruto <\/span><\/p>\n<p class=\"tw-data-text tw-ta tw-text-small\" dir=\"ltr\"><span lang=\"et\" xml:lang=\"et\">Omadused:\u00a0<span>Hobusej\u00f5hvist puhastushari<\/span><\/span><\/p>\n<p class=\"tw-data-text tw-ta tw-text-small\" dir=\"ltr\"><span lang=\"et\" xml:lang=\"et\"><span>Puhastushari\u00a0<\/span>\u00a0\u00f8 22 cm 2 <\/span><\/p>\n<p class=\"tw-data-text tw-ta tw-text-small\" dir=\"ltr\"><span lang=\"et\" xml:lang=\"et\"><span>2 poleerimisharja<\/span>\u00a0\u00f8 22 cm <\/span><\/p>\n<p class=\"tw-data-text tw-ta tw-text-small\" dir=\"ltr\"><span lang=\"et\" xml:lang=\"et\">Poola dosaator 0,75 liitrit <\/span><\/p>\n<p class=\"tw-data-text tw-ta tw-text-small\" dir=\"ltr\"><span lang=\"et\" xml:lang=\"et\">Starter: nupp\u00a0<\/span><\/p>\n<p class=\"tw-data-text tw-ta tw-text-small\" dir=\"ltr\"><span lang=\"et\" xml:lang=\"et\">Toide: 230 V (110 V vabatahtlik) <\/span><\/p>\n<p class=\"tw-data-text tw-ta tw-text-small\" dir=\"ltr\"><span lang=\"et\" xml:lang=\"et\">Mootor: 150 W \/ 700 R \/ min<\/span><\/p>","protected":false},"excerpt":{"rendered":"<p>Mis puutub v\u00f5imekusse, siis sellele kaalukale aluspinna k\u00fclge kinnitatavale masinale vastast ei leidu. Sarnaselt teraskorpusele on kolm m\u00e4rkimisv\u00e4\u00e4rse l\u00e4bim\u00f5\u00f5duga harja \u00e4\u00e4rmiselt vastupidava ehituse ja disainiga ning sobivad intensiiveks kasutamiseks n\u00e4iteks kaubanduskeskustes v\u00f5i suure k\u00fclastajate arvuga hotellides.\u00a0<br \/>\nKINGITUS!\u00a0Kingituseks kingapuhastusmasinale kaasa kingakreem 1L.<\/p>","protected":false},"featured_media":12176,"comment_status":"open","ping_status":"closed","template":"","meta":[],"product_cat":[705,155],"product_tag":[],"class_list":{"0":"post-12175","1":"product","2":"type-product","3":"status-publish","4":"has-post-thumbnail","6":"product_cat-kingapuhastusmasinad-ja-vaha","7":"product_cat-sisustustooted","9":"first","10":"instock","11":"shipping-taxable","12":"purchasable","13":"product-type-variable"},"_links":{"self":[{"href":"https:\/\/uus.kokariided.ee\/en\/wp-json\/wp\/v2\/product\/12175","targetHints":{"allow":["GET"]}}],"collection":[{"href":"https:\/\/uus.kokariided.ee\/en\/wp-json\/wp\/v2\/product"}],"about":[{"href":"https:\/\/uus.kokariided.ee\/en\/wp-json\/wp\/v2\/types\/product"}],"replies":[{"embeddable":true,"href":"https:\/\/uus.kokariided.ee\/en\/wp-json\/wp\/v2\/comments?post=12175"}],"wp:featuredmedia":[{"embeddable":true,"href":"https:\/\/uus.kokariided.ee\/en\/wp-json\/wp\/v2\/media\/12176"}],"wp:attachment":[{"href":"https:\/\/uus.kokariided.ee\/en\/wp-json\/wp\/v2\/media?parent=12175"}],"wp:term":[{"taxonomy":"product_cat","embeddable":true,"href":"https:\/\/uus.kokariided.ee\/en\/wp-json\/wp\/v2\/product_cat?post=12175"},{"taxonomy":"product_tag","embeddable":true,"href":"https:\/\/uus.kokariided.ee\/en\/wp-json\/wp\/v2\/product_tag?post=12175"}],"curies":[{"name":"wp","href":"https:\/\/api.w.org\/{rel}","templated":true}]}}