{"id":12187,"date":"2018-02-16T14:43:15","date_gmt":"2018-02-16T14:43:15","guid":{"rendered":"https:\/\/uus.kokariided.ee\/?product=polifix-3-kingapuhastusmasin-kingitus"},"modified":"2021-10-11T14:52:59","modified_gmt":"2021-10-11T14:52:59","slug":"polifix-3-kingapuhastusmasin-kingitus","status":"publish","type":"product","link":"https:\/\/uus.kokariided.ee\/en\/product\/polifix-3-kingapuhastusmasin-kingitus\/","title":{"rendered":"Polifix 3 kingapuhastusmasin + kingitus"},"content":{"rendered":"<p>\u2022 sihvakas<\/p>\n<p>\u2022 praktiline kingakreemi hoiuruum<\/p>\n<p><span lang=\"et\" xml:lang=\"et\">K\u00e4siandur koos taimeriga<\/span><\/p>\n<p>Hobusej\u00f5hvist puhastushari<br \/>Puhastushari \u00f8 22 cm<br \/>2 poleerimisharja \u00f8 22 cm<\/p>\n<p>Poola dosaator 0,75 liitrit<\/p>\n<p>Korpus: roostevaba teras (V2A)<\/p>\n<p>M\u00f5\u00f5dud: 56 cm x 31 cm x 85 cm\u00a0<\/p>\n<p>Kaal: 33 kg netomass, 36 kg bruto<\/p>\n<p>Toide: 230 Volt<br \/>Mootor: 150 Watt \/ 700 R\/min<\/p>\n<pre class=\"tw-data-text tw-ta tw-text-small\" id=\"tw-target-text\" dir=\"ltr\"><span lang=\"et\" xml:lang=\"et\">\n<br \/><\/span><\/pre>","protected":false},"excerpt":{"rendered":"<p>Geniaalne puhastaja See sihvakas kingapuhastaja m\u00f5tleb raamidest v\u00e4ljapoole: kingakreemi mahuteid on v\u00f5imalik hoida lukustatava luugi taga, mis toimib lisaks t\u00e4iendava disainielemendina: seda on v\u00f5imalik katta pulberv\u00e4rvi, puidu v\u00f5i k\u00f5rgreljeefse roostevabast terasega. Lisage enda kollektiivi usaldusv\u00e4\u00e4rne kolleeg.<br \/>\nKINGITUS!<br \/>\nKingituseks kingapuhastusmasinale kaasa kingakreem 1L.<\/p>","protected":false},"featured_media":12188,"comment_status":"open","ping_status":"closed","template":"","meta":[],"product_cat":[705,155],"product_tag":[],"class_list":{"0":"post-12187","1":"product","2":"type-product","3":"status-publish","4":"has-post-thumbnail","6":"product_cat-kingapuhastusmasinad-ja-vaha","7":"product_cat-sisustustooted","9":"first","10":"instock","11":"shipping-taxable","12":"purchasable","13":"product-type-variable"},"_links":{"self":[{"href":"https:\/\/uus.kokariided.ee\/en\/wp-json\/wp\/v2\/product\/12187","targetHints":{"allow":["GET"]}}],"collection":[{"href":"https:\/\/uus.kokariided.ee\/en\/wp-json\/wp\/v2\/product"}],"about":[{"href":"https:\/\/uus.kokariided.ee\/en\/wp-json\/wp\/v2\/types\/product"}],"replies":[{"embeddable":true,"href":"https:\/\/uus.kokariided.ee\/en\/wp-json\/wp\/v2\/comments?post=12187"}],"wp:featuredmedia":[{"embeddable":true,"href":"https:\/\/uus.kokariided.ee\/en\/wp-json\/wp\/v2\/media\/12188"}],"wp:attachment":[{"href":"https:\/\/uus.kokariided.ee\/en\/wp-json\/wp\/v2\/media?parent=12187"}],"wp:term":[{"taxonomy":"product_cat","embeddable":true,"href":"https:\/\/uus.kokariided.ee\/en\/wp-json\/wp\/v2\/product_cat?post=12187"},{"taxonomy":"product_tag","embeddable":true,"href":"https:\/\/uus.kokariided.ee\/en\/wp-json\/wp\/v2\/product_tag?post=12187"}],"curies":[{"name":"wp","href":"https:\/\/api.w.org\/{rel}","templated":true}]}}