{"id":12205,"date":"2018-02-16T15:18:30","date_gmt":"2018-02-16T15:18:30","guid":{"rendered":"https:\/\/uus.kokariided.ee\/?product=polifix-4-kingapuhastusmasin-kingitus"},"modified":"2021-10-11T14:52:42","modified_gmt":"2021-10-11T14:52:42","slug":"polifix-4-kingapuhastusmasin-kingitus","status":"publish","type":"product","link":"https:\/\/uus.kokariided.ee\/en\/product\/polifix-4-kingapuhastusmasin-kingitus\/","title":{"rendered":"Polifix 4 kingapuhastusmasin + kingitus"},"content":{"rendered":"<p>\u2022 4 harja<\/p>\n<p>\u2022 praktiline kingakreemi hoiuala<\/p>\n<p>\u2022 erakordselt stiilne, pronksist \u00e4\u00e4ristusega<\/p>\n<p>Automaatne sisse-ja v\u00e4ljal\u00fclitusnupp<br \/>Hobusej\u00f5hvist puhastushari<br \/>2 puhastusharja \u00f8 22 cm<br \/>2 poleerimisharja \u00f8 22 cm<br \/>Kingavaha\u00a0jaotur 0,75 liitrit<\/p>\n<p>Korpus: teras (V2A)<\/p>\n<p>M\u00f5\u00f5dud: 72 cm x 32 cm x 86 cm (L x S x K)<\/p>\n<p>Kaal: 21 kg, 23 kg t\u00e4ismass<br \/>Toide: 230 V<br \/>Mootor: 240 Watt \/ 750 R \/ min<\/p>\n<pre class=\"tw-data-text tw-ta tw-text-small\" id=\"tw-target-text\" dir=\"ltr\"><span lang=\"et\" xml:lang=\"et\">\n<br \/><\/span><\/pre>","protected":false},"excerpt":{"rendered":"<p>Klassikaline perfektsionist. Seda k\u00f5ikideist mahukama kogemustepagasiga kingapoleerijat ei suuda seljatada isegi noorem p\u00f5lvkond. See r\u00fcgab nelja harjaga t\u00f6\u00f6d teha ning saavutab parimad tulemused, olemata samas p\u00f5rmugi vanamoodne. N\u00e4idake enda positsiooni l\u00e4bi t\u00e4iuslikkuse.<br \/>\nKINGITUS!<br \/>\nKingituseks kingapuhastusmasinale kaasa kingakreem 1L.<\/p>","protected":false},"featured_media":12206,"comment_status":"open","ping_status":"closed","template":"","meta":[],"product_cat":[705,155],"product_tag":[],"class_list":{"0":"post-12205","1":"product","2":"type-product","3":"status-publish","4":"has-post-thumbnail","6":"product_cat-kingapuhastusmasinad-ja-vaha","7":"product_cat-sisustustooted","9":"first","10":"instock","11":"shipping-taxable","12":"purchasable","13":"product-type-variable"},"_links":{"self":[{"href":"https:\/\/uus.kokariided.ee\/en\/wp-json\/wp\/v2\/product\/12205","targetHints":{"allow":["GET"]}}],"collection":[{"href":"https:\/\/uus.kokariided.ee\/en\/wp-json\/wp\/v2\/product"}],"about":[{"href":"https:\/\/uus.kokariided.ee\/en\/wp-json\/wp\/v2\/types\/product"}],"replies":[{"embeddable":true,"href":"https:\/\/uus.kokariided.ee\/en\/wp-json\/wp\/v2\/comments?post=12205"}],"wp:featuredmedia":[{"embeddable":true,"href":"https:\/\/uus.kokariided.ee\/en\/wp-json\/wp\/v2\/media\/12206"}],"wp:attachment":[{"href":"https:\/\/uus.kokariided.ee\/en\/wp-json\/wp\/v2\/media?parent=12205"}],"wp:term":[{"taxonomy":"product_cat","embeddable":true,"href":"https:\/\/uus.kokariided.ee\/en\/wp-json\/wp\/v2\/product_cat?post=12205"},{"taxonomy":"product_tag","embeddable":true,"href":"https:\/\/uus.kokariided.ee\/en\/wp-json\/wp\/v2\/product_tag?post=12205"}],"curies":[{"name":"wp","href":"https:\/\/api.w.org\/{rel}","templated":true}]}}