{"id":12219,"date":"2018-02-16T15:52:15","date_gmt":"2018-02-16T15:52:15","guid":{"rendered":"https:\/\/uus.kokariided.ee\/?product=elegance-couleur-kingapuhastusmasin-kingitus"},"modified":"2023-06-05T16:32:29","modified_gmt":"2023-06-05T16:32:29","slug":"elegance-couleur-kingapuhastusmasin-kingitus","status":"publish","type":"product","link":"https:\/\/uus.kokariided.ee\/en\/product\/elegance-couleur-kingapuhastusmasin-kingitus\/","title":{"rendered":"El\u00e9gance Couleur  kingapuhastusmasin + kingitus"},"content":{"rendered":"<p>\u2022 36 cm k\u00f5rgus\u00a0<\/p>\n<p>Automaatne sisse-ja v\u00e4ljal\u00fclitusnupp<br \/>Hobusej\u00f5hvist puhastushari<br \/>Puhastushari \u00f8 13 cm<br \/>2 poleerimisharja \u00f8 13 cm<br \/>Kingavaha\u00a0jaotur 0,75 liitrit<\/p>\n<p>Korpus: roostevaba teras (V2A)<\/p>\n<p>M\u00f5\u00f5dud: 50 cm x 30 cm x 36 cm (L x S x K)<\/p>\n<p>Kaal:\u00a016 kg,\u00a018 kg t\u00e4ismass<br \/>Toide: 230 V<br \/>Mootor: 130 Watt \/ 1.200 R \/ min<\/p>\n<pre class=\"tw-data-text tw-ta tw-text-small\" id=\"tw-target-text\" dir=\"ltr\"><span lang=\"et\" xml:lang=\"et\">\n<br \/><\/span><\/pre>","protected":false},"excerpt":{"rendered":"<p>Tagasihoidlik elegants Need paindlikud ja n\u00f5tked, kompaktsed ja madalad koduabilised teevad enda t\u00f6\u00f6d laitmatult, ise tagasihoidlikult tagaplaanile j\u00e4\u00e4des. Erinevad v\u00e4rvivalikud ja elegantne kuju v\u00f5imaldavad sobitada seadme iga interj\u00f6\u00f6riga. T\u00e4iuslikult s\u00e4ravad kingad ja stiilne abimees.<br \/>\nKINGITUS!<br \/>\nKingituseks kingapuhastusmasinale kaasa kingakreem 1L.<\/p>","protected":false},"featured_media":12220,"comment_status":"open","ping_status":"closed","template":"","meta":[],"product_cat":[705,155],"product_tag":[],"class_list":{"0":"post-12219","1":"product","2":"type-product","3":"status-publish","4":"has-post-thumbnail","6":"product_cat-kingapuhastusmasinad-ja-vaha","7":"product_cat-sisustustooted","9":"first","10":"instock","11":"shipping-taxable","12":"purchasable","13":"product-type-variable"},"_links":{"self":[{"href":"https:\/\/uus.kokariided.ee\/en\/wp-json\/wp\/v2\/product\/12219","targetHints":{"allow":["GET"]}}],"collection":[{"href":"https:\/\/uus.kokariided.ee\/en\/wp-json\/wp\/v2\/product"}],"about":[{"href":"https:\/\/uus.kokariided.ee\/en\/wp-json\/wp\/v2\/types\/product"}],"replies":[{"embeddable":true,"href":"https:\/\/uus.kokariided.ee\/en\/wp-json\/wp\/v2\/comments?post=12219"}],"wp:featuredmedia":[{"embeddable":true,"href":"https:\/\/uus.kokariided.ee\/en\/wp-json\/wp\/v2\/media\/12220"}],"wp:attachment":[{"href":"https:\/\/uus.kokariided.ee\/en\/wp-json\/wp\/v2\/media?parent=12219"}],"wp:term":[{"taxonomy":"product_cat","embeddable":true,"href":"https:\/\/uus.kokariided.ee\/en\/wp-json\/wp\/v2\/product_cat?post=12219"},{"taxonomy":"product_tag","embeddable":true,"href":"https:\/\/uus.kokariided.ee\/en\/wp-json\/wp\/v2\/product_tag?post=12219"}],"curies":[{"name":"wp","href":"https:\/\/api.w.org\/{rel}","templated":true}]}}