{"id":12276,"date":"2018-02-16T16:42:04","date_gmt":"2018-02-16T16:42:04","guid":{"rendered":"https:\/\/uus.kokariided.ee\/?product=cosmo-plus-kingapuhastusmasin-kingitus"},"modified":"2025-01-07T06:37:28","modified_gmt":"2025-01-07T06:37:28","slug":"cosmo-plus-kingapuhastusmasin-kingitus","status":"publish","type":"product","link":"https:\/\/uus.kokariided.ee\/en\/product\/cosmo-plus-kingapuhastusmasin-kingitus\/","title":{"rendered":"Cosmo Plus kingapuhastusmasin + kingitus"},"content":{"rendered":"<p>Mehhaaniline sissel\u00fclitusnupp<\/p>\n<p>\u2022 mugavust lisava k\u00e4epidemega<\/p>\n<p>\u2022 v\u00f5imalik tellida mistahes RAL v\u00e4rvitoonis<\/p>\n<p>Hobusej\u00f5hvist puhastushari<br \/>Puhastushari \u00f8 13 cm<br \/>2 poleerimisharja \u00f8 13 cm<br \/>Kingavaha jaotur 0,75 liitrit<\/p>\n<p>Korpus: Alumiiniumist<\/p>\n<p>M\u00f5\u00f5dud: 60 cm x 38 cm x 95 cm (L x S x K)<br \/>Kaal: 16 kg, 20 kg t\u00e4ismass<\/p>\n<p>Toide: 230 V<br \/>Mootor: 130 Watt \/ 1.200 R \/ min<\/p>","protected":false},"excerpt":{"rendered":"<p>J\u00e4rjekindel toetaja See ergonoomilise k\u00e4epidemega kingapoleerija on kontoris asendamatu. Olukorras, kus rahmeldamine ja kiirustamine hakkab \u00fcle pea kasvama, pakub just tema kindlat tugipunkti. Haara k\u00e4epidemest, hinga sisse, hinga v\u00e4lja &#8211; ja k\u00f5ik on j\u00e4lle r\u00f6\u00f6pas. Lisa enda t\u00f6\u00f6rutiini veidi kindlust. \u00a0<br \/>\nKINGITUS!\u00a0Kingituseks kingapuhastusmasinale kaasa kingakreem 1L.<\/p>","protected":false},"featured_media":12277,"comment_status":"open","ping_status":"closed","template":"","meta":[],"product_cat":[705,155],"product_tag":[],"class_list":{"0":"post-12276","1":"product","2":"type-product","3":"status-publish","4":"has-post-thumbnail","6":"product_cat-kingapuhastusmasinad-ja-vaha","7":"product_cat-sisustustooted","9":"first","10":"instock","11":"shipping-taxable","12":"purchasable","13":"product-type-variable"},"_links":{"self":[{"href":"https:\/\/uus.kokariided.ee\/en\/wp-json\/wp\/v2\/product\/12276","targetHints":{"allow":["GET"]}}],"collection":[{"href":"https:\/\/uus.kokariided.ee\/en\/wp-json\/wp\/v2\/product"}],"about":[{"href":"https:\/\/uus.kokariided.ee\/en\/wp-json\/wp\/v2\/types\/product"}],"replies":[{"embeddable":true,"href":"https:\/\/uus.kokariided.ee\/en\/wp-json\/wp\/v2\/comments?post=12276"}],"wp:featuredmedia":[{"embeddable":true,"href":"https:\/\/uus.kokariided.ee\/en\/wp-json\/wp\/v2\/media\/12277"}],"wp:attachment":[{"href":"https:\/\/uus.kokariided.ee\/en\/wp-json\/wp\/v2\/media?parent=12276"}],"wp:term":[{"taxonomy":"product_cat","embeddable":true,"href":"https:\/\/uus.kokariided.ee\/en\/wp-json\/wp\/v2\/product_cat?post=12276"},{"taxonomy":"product_tag","embeddable":true,"href":"https:\/\/uus.kokariided.ee\/en\/wp-json\/wp\/v2\/product_tag?post=12276"}],"curies":[{"name":"wp","href":"https:\/\/api.w.org\/{rel}","templated":true}]}}