{"id":12294,"date":"2018-02-16T16:58:15","date_gmt":"2018-02-16T16:58:15","guid":{"rendered":"https:\/\/uus.kokariided.ee\/?product=cosmo-kingapuhastusmasin-kingitus"},"modified":"2025-01-07T06:14:50","modified_gmt":"2025-01-07T06:14:50","slug":"cosmo-kingapuhastusmasin-kingitus","status":"publish","type":"product","link":"https:\/\/uus.kokariided.ee\/en\/product\/cosmo-kingapuhastusmasin-kingitus\/","title":{"rendered":"Cosmo kingapuhastusmasin + kingitus"},"content":{"rendered":"<p>Automaatne sisse-ja v\u00e4ljal\u00fclitus<\/p>\n<p>\u2022 kompaktne ja stabiilne<\/p>\n<p>\u2022 v\u00f5imalik tellida mistahes RAL v\u00e4rvitoonis<\/p>\n<p><span><br \/>Hobusej\u00f5hvist\u00a0 puhastushari<br \/>Puhastushari \u00f8 13 cm<br \/>2 poleerimisharja \u00f8 13 cm<br \/>Kingavaha\u00a0jaotur 0,75 liitrit<\/span><\/p>\n<p><span>Korpus: Alumiiniumist<\/span><\/p>\n<p><span>M\u00f5\u00f5dud: 60 cm x 38 cm x 32 cm (L x S x K)<\/span><\/p>\n<p><span>Kaal: 12 kg, 14 kg t\u00e4ismass<\/span><\/p>\n<p><span>Toide: 230 V<br \/>Mootor: 130 Watt \/ 1.200 R \/ min<\/span><\/p>","protected":false},"excerpt":{"rendered":"<p>T\u00e4iuslik \u00fclemteener. See kingapoleerija on alati teie teenistuses ja olemas igas korda armastavas kodus. Selle orgaaniline vorm pole kunagi pealet\u00fckkiv ja v\u00e4rv on sobitatav mistahes interj\u00f6\u00f6riga. Samas v\u00f5ib seda t\u00f5sta uhkusega esile ka \u00fchena m\u00f6\u00f6bliesemetest. Tooge enda koju killuke luksust.<br \/>\nKINGITUS!\u00a0Kingituseks kingapuhastusmasinale kaasa kingakreem 1L.<\/p>","protected":false},"featured_media":12295,"comment_status":"open","ping_status":"closed","template":"","meta":[],"product_cat":[705,155],"product_tag":[],"class_list":{"0":"post-12294","1":"product","2":"type-product","3":"status-publish","4":"has-post-thumbnail","6":"product_cat-kingapuhastusmasinad-ja-vaha","7":"product_cat-sisustustooted","9":"first","10":"instock","11":"shipping-taxable","12":"purchasable","13":"product-type-variable"},"_links":{"self":[{"href":"https:\/\/uus.kokariided.ee\/en\/wp-json\/wp\/v2\/product\/12294","targetHints":{"allow":["GET"]}}],"collection":[{"href":"https:\/\/uus.kokariided.ee\/en\/wp-json\/wp\/v2\/product"}],"about":[{"href":"https:\/\/uus.kokariided.ee\/en\/wp-json\/wp\/v2\/types\/product"}],"replies":[{"embeddable":true,"href":"https:\/\/uus.kokariided.ee\/en\/wp-json\/wp\/v2\/comments?post=12294"}],"wp:featuredmedia":[{"embeddable":true,"href":"https:\/\/uus.kokariided.ee\/en\/wp-json\/wp\/v2\/media\/12295"}],"wp:attachment":[{"href":"https:\/\/uus.kokariided.ee\/en\/wp-json\/wp\/v2\/media?parent=12294"}],"wp:term":[{"taxonomy":"product_cat","embeddable":true,"href":"https:\/\/uus.kokariided.ee\/en\/wp-json\/wp\/v2\/product_cat?post=12294"},{"taxonomy":"product_tag","embeddable":true,"href":"https:\/\/uus.kokariided.ee\/en\/wp-json\/wp\/v2\/product_tag?post=12294"}],"curies":[{"name":"wp","href":"https:\/\/api.w.org\/{rel}","templated":true}]}}