{"id":12312,"date":"2018-02-16T17:06:37","date_gmt":"2018-02-16T17:06:37","guid":{"rendered":"https:\/\/uus.kokariided.ee\/?product=ronda30-kingapuhastusmasin-kingitus"},"modified":"2023-06-05T16:35:57","modified_gmt":"2023-06-05T16:35:57","slug":"ronda30-kingapuhastusmasin-kingitus","status":"publish","type":"product","link":"https:\/\/uus.kokariided.ee\/en\/product\/ronda30-kingapuhastusmasin-kingitus\/","title":{"rendered":"Ronda30 kingapuhastusmasin + kingitus"},"content":{"rendered":"<p>\u2022 erakordne v\u00e4\u00e4rtuse ja kvaliteedi suhe<\/p>\n<p>\u2022 k\u00e4esensor energiat s\u00e4\u00e4stva taimeriga<\/p>\n<p>Hobusej\u00f5hvist puhastushari<br \/>Puhastushari \u00f8 13 cm<br \/>2 poleerimisharja \u00f8 13 cm<br \/>Kingavaha\u00a0jaotur 0,75 liitrit<\/p>\n<p><span lang=\"et\" xml:lang=\"et\">Korpus: teras (kaetud)<\/span><\/p>\n<p>M\u00f5\u00f5dud:\u00a0<span>46 cm x 30 cm x 79 cm<\/span><br \/>Kaal:\u00a021 kg,\u00a023 kg t\u00e4ismass<\/p>\n<p>Toide: 230 V<br \/>Mootor: 130 Watt \/ 1.200 R \/ min<\/p>\n<pre class=\"tw-data-text tw-ta tw-text-small\" id=\"tw-target-text\" dir=\"ltr\"><span lang=\"et\" xml:lang=\"et\">\n<br \/><\/span><\/pre>","protected":false},"excerpt":{"rendered":"<p>S\u00e4\u00e4stlik meistrimees. Lihtsa disainiga kompaktne kingapoleerija sobib ideaalselt praktiliselt igasse keskkonda. Olgu tegu pansionaadi, restorani v\u00f5i kontorihoonega &#8211; s\u00e4\u00e4stlik meistrimees teeb agaralt oma t\u00f6\u00f6d ise tagaplaanile j\u00e4\u00e4des.<br \/>\nKINGITUS!<br \/>\nKingituseks kingapuhastusmasinale kaasa kingakreem 1L.<\/p>","protected":false},"featured_media":12313,"comment_status":"open","ping_status":"closed","template":"","meta":[],"product_cat":[705,155],"product_tag":[],"class_list":{"0":"post-12312","1":"product","2":"type-product","3":"status-publish","4":"has-post-thumbnail","6":"product_cat-kingapuhastusmasinad-ja-vaha","7":"product_cat-sisustustooted","9":"first","10":"instock","11":"shipping-taxable","12":"purchasable","13":"product-type-variable"},"_links":{"self":[{"href":"https:\/\/uus.kokariided.ee\/en\/wp-json\/wp\/v2\/product\/12312","targetHints":{"allow":["GET"]}}],"collection":[{"href":"https:\/\/uus.kokariided.ee\/en\/wp-json\/wp\/v2\/product"}],"about":[{"href":"https:\/\/uus.kokariided.ee\/en\/wp-json\/wp\/v2\/types\/product"}],"replies":[{"embeddable":true,"href":"https:\/\/uus.kokariided.ee\/en\/wp-json\/wp\/v2\/comments?post=12312"}],"wp:featuredmedia":[{"embeddable":true,"href":"https:\/\/uus.kokariided.ee\/en\/wp-json\/wp\/v2\/media\/12313"}],"wp:attachment":[{"href":"https:\/\/uus.kokariided.ee\/en\/wp-json\/wp\/v2\/media?parent=12312"}],"wp:term":[{"taxonomy":"product_cat","embeddable":true,"href":"https:\/\/uus.kokariided.ee\/en\/wp-json\/wp\/v2\/product_cat?post=12312"},{"taxonomy":"product_tag","embeddable":true,"href":"https:\/\/uus.kokariided.ee\/en\/wp-json\/wp\/v2\/product_tag?post=12312"}],"curies":[{"name":"wp","href":"https:\/\/api.w.org\/{rel}","templated":true}]}}