{"id":12327,"date":"2018-02-16T17:23:06","date_gmt":"2018-02-16T17:23:06","guid":{"rendered":"https:\/\/uus.kokariided.ee\/?product=easycomfort-kingapuhastusmasin-kingitus"},"modified":"2025-01-07T06:09:14","modified_gmt":"2025-01-07T06:09:14","slug":"easycomfort-kingapuhastusmasin-kingitus","status":"publish","type":"product","link":"https:\/\/uus.kokariided.ee\/en\/product\/easycomfort-kingapuhastusmasin-kingitus\/","title":{"rendered":"EasyComfort  kingapuhastusmasin + kingitus"},"content":{"rendered":"<p>Mehhaaniline sissel\u00fclitusnupp<\/p>\n<p>Nailonist puhastushari<br \/>Puhastushari \u00f8 13 cm<br \/>2 poleerimisharja \u00f8 13 cm<br \/>Kingavaha jaotur 0, 2 liitrit<\/p>\n<p>Korpus: kaetud teras<\/p>\n<p>M\u00f5\u00f5dud: 49 cm x 32 cm x 31 cm (L x S x K)<br \/>Kaal: 10 kg, 11 kg t\u00e4ismass<\/p>\n<p>Toide: 230 V<br \/>Mootor: 100 Watt \/ 1.100 R \/ min<\/p>\n<pre class=\"tw-data-text tw-ta tw-text-small\" id=\"tw-target-text\" dir=\"ltr\"><span lang=\"et\" xml:lang=\"et\">\n<br \/><\/span><\/pre>","protected":false},"excerpt":{"rendered":"<p>Praktiline v\u00e4ike abimees. Sihvakas ja t\u00f5hus &#8211; lisaks k\u00e4ttesaadav taskukohase hinnaga. Sarnaselt enda suurematele ja elegantse disainiga kolleegidele p\u00e4rineb see kingapoleerija heast kodust ja t\u00e4idab enda \u00fclesandeid suurima p\u00fchendumusega.<br \/>\nKINGITUS!<br \/>\nKingituseks kingapuhastusmasinale kaasa kingakreem 1L.<\/p>","protected":false},"featured_media":12328,"comment_status":"open","ping_status":"closed","template":"","meta":[],"product_cat":[705,155],"product_tag":[],"class_list":{"0":"post-12327","1":"product","2":"type-product","3":"status-publish","4":"has-post-thumbnail","6":"product_cat-kingapuhastusmasinad-ja-vaha","7":"product_cat-sisustustooted","9":"first","10":"instock","11":"shipping-taxable","12":"purchasable","13":"product-type-variable"},"_links":{"self":[{"href":"https:\/\/uus.kokariided.ee\/en\/wp-json\/wp\/v2\/product\/12327","targetHints":{"allow":["GET"]}}],"collection":[{"href":"https:\/\/uus.kokariided.ee\/en\/wp-json\/wp\/v2\/product"}],"about":[{"href":"https:\/\/uus.kokariided.ee\/en\/wp-json\/wp\/v2\/types\/product"}],"replies":[{"embeddable":true,"href":"https:\/\/uus.kokariided.ee\/en\/wp-json\/wp\/v2\/comments?post=12327"}],"wp:featuredmedia":[{"embeddable":true,"href":"https:\/\/uus.kokariided.ee\/en\/wp-json\/wp\/v2\/media\/12328"}],"wp:attachment":[{"href":"https:\/\/uus.kokariided.ee\/en\/wp-json\/wp\/v2\/media?parent=12327"}],"wp:term":[{"taxonomy":"product_cat","embeddable":true,"href":"https:\/\/uus.kokariided.ee\/en\/wp-json\/wp\/v2\/product_cat?post=12327"},{"taxonomy":"product_tag","embeddable":true,"href":"https:\/\/uus.kokariided.ee\/en\/wp-json\/wp\/v2\/product_tag?post=12327"}],"curies":[{"name":"wp","href":"https:\/\/api.w.org\/{rel}","templated":true}]}}