{"id":12331,"date":"2018-02-16T17:26:48","date_gmt":"2018-02-16T17:26:48","guid":{"rendered":"https:\/\/uus.kokariided.ee\/?product=politec-solar-kingapuhastusmasin-kingitus"},"modified":"2018-03-13T11:40:50","modified_gmt":"2018-03-13T11:40:50","slug":"politec-solar-kingapuhastusmasin-kingitus","status":"publish","type":"product","link":"https:\/\/uus.kokariided.ee\/en\/product\/politec-solar-kingapuhastusmasin-kingitus\/","title":{"rendered":"Politec Solar kingapuhastusmasin + kingitus"},"content":{"rendered":"<p>Seinale kinnitatav<br \/><span>Jalaandur taimeriga<br \/>Nailonist\u00a0puhastushari<br \/>Puhastushari \u00f8\u00a022 cm<br \/>2 poleerimisharja \u00f8\u00a022 cm<br \/>Kingavaha\u00a0jaotur 0,75 liitrit<\/span><\/p>\n<p><span>Korpus: Kaetud teras<\/span><\/p>\n<p><span>M\u00f5\u00f5dud: 66 cm x 34 cm x 114\u00a0cm (L x S x K)<\/span><\/p>\n<p><span>Kaal:\u00a031 kg,\u00a035 kg t\u00e4ismass<\/span><\/p>\n<p><span>Toide: 230 V<br \/>Mootor: 240 Watt \/ 750 R \/ min<\/span><\/p>","protected":false},"excerpt":{"rendered":"<p>T\u00f6\u00f6kas hoolekandja. See t\u00f6\u00f6kas abiline hoolitseb suure l\u00e4bik\u00e4iguga vahek\u00e4ikudes selle eest, et mustus j\u00e4\u00e4ks \u00f5ue. Kindlalt seina k\u00fclge kinnitatud masin ei kaota kunagi valvsust ja tuleb igap\u00e4evaselt toime k\u00f5ikide v\u00e4ljakutsetega. Oodake vaid suurimat p\u00fchendumust.<br \/>\nKINGITUS!\u00a0Kingituseks kingapuhastusmasinale kaasa kingakreem 1L.<\/p>","protected":false},"featured_media":12332,"comment_status":"open","ping_status":"closed","template":"","meta":[],"product_cat":[705,155],"product_tag":[],"class_list":{"0":"post-12331","1":"product","2":"type-product","3":"status-publish","4":"has-post-thumbnail","6":"product_cat-kingapuhastusmasinad-ja-vaha","7":"product_cat-sisustustooted","9":"first","10":"instock","11":"shipping-taxable","12":"purchasable","13":"product-type-variable"},"_links":{"self":[{"href":"https:\/\/uus.kokariided.ee\/en\/wp-json\/wp\/v2\/product\/12331","targetHints":{"allow":["GET"]}}],"collection":[{"href":"https:\/\/uus.kokariided.ee\/en\/wp-json\/wp\/v2\/product"}],"about":[{"href":"https:\/\/uus.kokariided.ee\/en\/wp-json\/wp\/v2\/types\/product"}],"replies":[{"embeddable":true,"href":"https:\/\/uus.kokariided.ee\/en\/wp-json\/wp\/v2\/comments?post=12331"}],"wp:featuredmedia":[{"embeddable":true,"href":"https:\/\/uus.kokariided.ee\/en\/wp-json\/wp\/v2\/media\/12332"}],"wp:attachment":[{"href":"https:\/\/uus.kokariided.ee\/en\/wp-json\/wp\/v2\/media?parent=12331"}],"wp:term":[{"taxonomy":"product_cat","embeddable":true,"href":"https:\/\/uus.kokariided.ee\/en\/wp-json\/wp\/v2\/product_cat?post=12331"},{"taxonomy":"product_tag","embeddable":true,"href":"https:\/\/uus.kokariided.ee\/en\/wp-json\/wp\/v2\/product_tag?post=12331"}],"curies":[{"name":"wp","href":"https:\/\/api.w.org\/{rel}","templated":true}]}}