{"id":12351,"date":"2018-03-21T14:03:31","date_gmt":"2018-03-21T14:03:31","guid":{"rendered":"https:\/\/uus.kokariided.ee\/?product=meeste-kokajakk-valge"},"modified":"2024-06-27T17:16:21","modified_gmt":"2024-06-27T17:16:21","slug":"meeste-kokajakk-valge","status":"publish","type":"product","link":"https:\/\/uus.kokariided.ee\/en\/product\/meeste-kokajakk-valge\/","title":{"rendered":"Meeste kokajakk valge"},"content":{"rendered":"","protected":false},"excerpt":{"rendered":"<p>Kokajakk mustade trukkidega, vasakul varrukal tasku, kaena all \u00f5hutusavad, mustast kangast k\u00fc\u00fcnarnuki tugevdused. \u00c4\u00e4riststud musta niidiga.<br \/>\n40% puuvilla 30% pol\u00fcester 30% elastaan<\/p>","protected":false},"featured_media":12352,"comment_status":"open","ping_status":"closed","template":"","meta":[],"product_cat":[110,104,789],"product_tag":[],"class_list":{"0":"post-12351","1":"product","2":"type-product","3":"status-publish","4":"has-post-thumbnail","6":"product_brand-greiff","7":"product_cat-kokajakid","8":"product_cat-kokariided","9":"product_cat-meeste-unisex-kokajakid","11":"first","12":"instock","13":"shipping-taxable","14":"purchasable","15":"product-type-variable"},"_links":{"self":[{"href":"https:\/\/uus.kokariided.ee\/en\/wp-json\/wp\/v2\/product\/12351","targetHints":{"allow":["GET"]}}],"collection":[{"href":"https:\/\/uus.kokariided.ee\/en\/wp-json\/wp\/v2\/product"}],"about":[{"href":"https:\/\/uus.kokariided.ee\/en\/wp-json\/wp\/v2\/types\/product"}],"replies":[{"embeddable":true,"href":"https:\/\/uus.kokariided.ee\/en\/wp-json\/wp\/v2\/comments?post=12351"}],"wp:featuredmedia":[{"embeddable":true,"href":"https:\/\/uus.kokariided.ee\/en\/wp-json\/wp\/v2\/media\/12352"}],"wp:attachment":[{"href":"https:\/\/uus.kokariided.ee\/en\/wp-json\/wp\/v2\/media?parent=12351"}],"wp:term":[{"taxonomy":"product_cat","embeddable":true,"href":"https:\/\/uus.kokariided.ee\/en\/wp-json\/wp\/v2\/product_cat?post=12351"},{"taxonomy":"product_tag","embeddable":true,"href":"https:\/\/uus.kokariided.ee\/en\/wp-json\/wp\/v2\/product_tag?post=12351"}],"curies":[{"name":"wp","href":"https:\/\/api.w.org\/{rel}","templated":true}]}}