{"id":12414,"date":"2018-05-08T10:33:02","date_gmt":"2018-05-08T10:33:02","guid":{"rendered":"https:\/\/uus.kokariided.ee\/?product=meeste-kokajakk-ottavio-mm-grey-mix"},"modified":"2025-08-04T13:43:48","modified_gmt":"2025-08-04T13:43:48","slug":"meeste-kokajakk-ottavio-mm-grey-mix","status":"publish","type":"product","link":"https:\/\/uus.kokariided.ee\/en\/product\/meeste-kokajakk-ottavio-mm-grey-mix\/","title":{"rendered":"Kokajakk Ottavio MM Grey Mix PC"},"content":{"rendered":"","protected":false},"excerpt":{"rendered":"<p>Unisex kokajakk, mille seljaosal on veniv ning hingav v\u00f5rkkangas. L\u00fchikesed varrukad ning jaki esiosa on pol\u00fcester-puuvillasegust. Vasakul rinnal on tasku, kitsas tasku on ka vasakul varrukal. Kinnitus on peidetud trukkidega, millel puudub nahakontakt.<br \/>\n65% pol\u00fcester, 35% puuvill<br \/>\nSaadaval suurustes S &#8211; 4XL<\/p>","protected":false},"featured_media":12415,"comment_status":"open","ping_status":"closed","template":"","meta":[],"product_cat":[110,104,789],"product_tag":[],"class_list":{"0":"post-12414","1":"product","2":"type-product","3":"status-publish","4":"has-post-thumbnail","6":"product_brand-egochef","7":"product_cat-kokajakid","8":"product_cat-kokariided","9":"product_cat-meeste-unisex-kokajakid","11":"first","12":"instock","13":"shipping-taxable","14":"purchasable","15":"product-type-variable"},"_links":{"self":[{"href":"https:\/\/uus.kokariided.ee\/en\/wp-json\/wp\/v2\/product\/12414","targetHints":{"allow":["GET"]}}],"collection":[{"href":"https:\/\/uus.kokariided.ee\/en\/wp-json\/wp\/v2\/product"}],"about":[{"href":"https:\/\/uus.kokariided.ee\/en\/wp-json\/wp\/v2\/types\/product"}],"replies":[{"embeddable":true,"href":"https:\/\/uus.kokariided.ee\/en\/wp-json\/wp\/v2\/comments?post=12414"}],"wp:featuredmedia":[{"embeddable":true,"href":"https:\/\/uus.kokariided.ee\/en\/wp-json\/wp\/v2\/media\/12415"}],"wp:attachment":[{"href":"https:\/\/uus.kokariided.ee\/en\/wp-json\/wp\/v2\/media?parent=12414"}],"wp:term":[{"taxonomy":"product_cat","embeddable":true,"href":"https:\/\/uus.kokariided.ee\/en\/wp-json\/wp\/v2\/product_cat?post=12414"},{"taxonomy":"product_tag","embeddable":true,"href":"https:\/\/uus.kokariided.ee\/en\/wp-json\/wp\/v2\/product_tag?post=12414"}],"curies":[{"name":"wp","href":"https:\/\/api.w.org\/{rel}","templated":true}]}}