{"id":12423,"date":"2018-05-09T09:31:44","date_gmt":"2018-05-09T09:31:44","guid":{"rendered":"https:\/\/uus.kokariided.ee\/?product=valge-servjett-1755945134"},"modified":"2025-06-27T15:31:02","modified_gmt":"2025-06-27T15:31:02","slug":"valge-servjett-1755945134","status":"publish","type":"product","link":"https:\/\/uus.kokariided.ee\/en\/product\/valge-servjett-1755945134\/","title":{"rendered":"Valge servjett 40x40cm"},"content":{"rendered":"","protected":false},"excerpt":{"rendered":"<p>Valget\u00a0v\u00e4rvi\u00a0servjett \/ salvr\u00e4tik<br \/>\nM\u00f5\u00f5dud: 40x40cm50% puuvill, 50% pol\u00fcester4\u00a0servast \u00f5mmeldud<\/p>","protected":false},"featured_media":12424,"comment_status":"open","ping_status":"closed","template":"","meta":[],"product_cat":[735,155],"product_tag":[],"class_list":{"0":"post-12423","1":"product","2":"type-product","3":"status-publish","4":"has-post-thumbnail","6":"product_cat-salfad-servjetid-salvraetid","7":"product_cat-sisustustooted","9":"first","10":"instock","11":"shipping-taxable","12":"purchasable","13":"product-type-variable"},"_links":{"self":[{"href":"https:\/\/uus.kokariided.ee\/en\/wp-json\/wp\/v2\/product\/12423","targetHints":{"allow":["GET"]}}],"collection":[{"href":"https:\/\/uus.kokariided.ee\/en\/wp-json\/wp\/v2\/product"}],"about":[{"href":"https:\/\/uus.kokariided.ee\/en\/wp-json\/wp\/v2\/types\/product"}],"replies":[{"embeddable":true,"href":"https:\/\/uus.kokariided.ee\/en\/wp-json\/wp\/v2\/comments?post=12423"}],"wp:featuredmedia":[{"embeddable":true,"href":"https:\/\/uus.kokariided.ee\/en\/wp-json\/wp\/v2\/media\/12424"}],"wp:attachment":[{"href":"https:\/\/uus.kokariided.ee\/en\/wp-json\/wp\/v2\/media?parent=12423"}],"wp:term":[{"taxonomy":"product_cat","embeddable":true,"href":"https:\/\/uus.kokariided.ee\/en\/wp-json\/wp\/v2\/product_cat?post=12423"},{"taxonomy":"product_tag","embeddable":true,"href":"https:\/\/uus.kokariided.ee\/en\/wp-json\/wp\/v2\/product_tag?post=12423"}],"curies":[{"name":"wp","href":"https:\/\/api.w.org\/{rel}","templated":true}]}}