{"id":12431,"date":"2018-05-10T13:57:34","date_gmt":"2018-05-10T13:57:34","guid":{"rendered":"https:\/\/uus.kokariided.ee\/?product=poll-90x70-sweets"},"modified":"2024-09-13T17:07:14","modified_gmt":"2024-09-13T17:07:14","slug":"poll-90x70-sweets","status":"publish","type":"product","link":"https:\/\/uus.kokariided.ee\/en\/product\/poll-90x70-sweets\/","title":{"rendered":"P\u00f5ll 70x90cm Sweets"},"content":{"rendered":"","protected":false},"excerpt":{"rendered":"<p>P\u00f5ll 70x90cmP\u00f5ll sobilik\u00a0 teenindajale\/kokale, taskutegaMaterjalid:100 %puuvill<\/p>","protected":false},"featured_media":12432,"comment_status":"open","ping_status":"closed","template":"","meta":[],"product_cat":[108,774,104,146,112,145],"product_tag":[],"class_list":{"0":"post-12431","1":"product","2":"type-product","3":"status-publish","4":"has-post-thumbnail","6":"product_brand-egochef","7":"product_cat-kingiideed","8":"product_cat-klapiga-poll-70x90cm","9":"product_cat-kokariided","10":"product_cat-polled1755886053","11":"product_cat-polled","12":"product_cat-teenindusriided","14":"first","15":"instock","16":"shipping-taxable","17":"purchasable","18":"product-type-variable"},"_links":{"self":[{"href":"https:\/\/uus.kokariided.ee\/en\/wp-json\/wp\/v2\/product\/12431","targetHints":{"allow":["GET"]}}],"collection":[{"href":"https:\/\/uus.kokariided.ee\/en\/wp-json\/wp\/v2\/product"}],"about":[{"href":"https:\/\/uus.kokariided.ee\/en\/wp-json\/wp\/v2\/types\/product"}],"replies":[{"embeddable":true,"href":"https:\/\/uus.kokariided.ee\/en\/wp-json\/wp\/v2\/comments?post=12431"}],"wp:featuredmedia":[{"embeddable":true,"href":"https:\/\/uus.kokariided.ee\/en\/wp-json\/wp\/v2\/media\/12432"}],"wp:attachment":[{"href":"https:\/\/uus.kokariided.ee\/en\/wp-json\/wp\/v2\/media?parent=12431"}],"wp:term":[{"taxonomy":"product_cat","embeddable":true,"href":"https:\/\/uus.kokariided.ee\/en\/wp-json\/wp\/v2\/product_cat?post=12431"},{"taxonomy":"product_tag","embeddable":true,"href":"https:\/\/uus.kokariided.ee\/en\/wp-json\/wp\/v2\/product_tag?post=12431"}],"curies":[{"name":"wp","href":"https:\/\/api.w.org\/{rel}","templated":true}]}}